{"id":748,"date":"2022-11-02T15:24:24","date_gmt":"2022-11-02T14:24:24","guid":{"rendered":"https:\/\/aluconnect.nl\/home\/"},"modified":"2024-07-24T15:39:37","modified_gmt":"2024-07-24T14:39:37","slug":"home","status":"publish","type":"page","link":"https:\/\/aluconnect.nl\/de\/","title":{"rendered":"Home"},"content":{"rendered":"<section class=\"wpb-header__home wpb-bg-color--dark wpb-block_1b8573cab716ba86e1d0eb29301d58d3\" id=\"wpb-block_1b8573cab716ba86e1d0eb29301d58d3\" style=\"background-image: url(https:\/\/aluconnect.nl\/wp-content\/uploads\/2024\/01\/Gebouw-Aluconnect_3-kopieren-2-1-scaled.jpg)\">\n    <div class=\"container\">\n        <div class=\"inner\">\n            <p>Aluminium Tore und Z\u00e4une f\u00fcr die Zukunft<\/p>\n<h1><em>Die perfekte mischung aus<\/em> Aluminium &amp; Qualit\u00e4t<\/h1>\n                            <div class=\"buttons\">\n                                            <a class=\"btn white outline\" href=\"\/de\/produkte\/\">Produkte<\/a> \n                                                                <a class=\"btn white\" href=\"\/de\/kontakt\/\">Kontakt<\/a> \n                                    <\/div>\n                        <div class=\"scroll\"><\/div>\n        <\/div>     \n    <\/div>\n<\/section>\n\n<section class=\"wpb-text wpb-bg-color--white wpb-whitespace--medium wpb-block_52b8153476d512bc250ae484e58af1f5\" id=\"wpb-block_52b8153476d512bc250ae484e58af1f5\">\n    <div class=\"container\">\n        <div class=\"inner\">\n            <h2>Unendliche M\u00f6glichkeiten zwischen Aluminium und Gel\u00e4ndesicherheit<\/h2>\n<p id=\"tw-target-text\" class=\"tw-data-text tw-text-large tw-ta\" dir=\"ltr\" data-placeholder=\"Vertaling\"><span class=\"Y2IQFc\" lang=\"de\">Aluconnect ist ein Hersteller von Toren und Z\u00e4unen aus Aluminium, die f\u00fcr jede Umgebung geeignet sind. Da Aluconnect \u00fcber eine eigene Produktionsst\u00e4tte verf\u00fcgt, haben wir Z\u00e4une und Tore entwickelt, die die perfekte Mischung aus Offenheit und Schutz mehr als erf\u00fcllen. Langlebigkeit und Sicherheit sind bei unseren attraktiven Z\u00e4unen garantiert!<\/span><\/p>\n                            <a class=\"btn outline\" href=\"\/de\/kontakt\/\">Kontakt<\/a> \n                    <\/div>     \n    <\/div>\n<\/section>\n\n<section class=\"wpb-header__1 wpb-bg-color--accent-1  wpb-bg-color--accent-1\" style=\"background-image: url();\">\n    <div class=\"container\">\n        <div class=\"inner\">\n                            <h2>Wer ist Aluconnect und was machen wir?<\/h2>\n<p>&nbsp;<\/p>\n<p>Sehen Sie hier unseren Unternehmensfilm an.<\/p>\n<p><iframe loading=\"lazy\" title=\"The company ALUCONNECT\" width=\"500\" height=\"281\" src=\"https:\/\/www.youtube.com\/embed\/hEfSGiGHUJQ?feature=oembed\" frameborder=\"0\" allow=\"accelerometer; autoplay; clipboard-write; encrypted-media; gyroscope; picture-in-picture; web-share\" referrerpolicy=\"strict-origin-when-cross-origin\" allowfullscreen><\/iframe><\/p>\n<p>&nbsp;<\/p>\n                    <\/div>  \n    <\/div>\n<\/section>\n\n<section class=\"wpb--image-title-text wpb-block_0003c5e4197bfab59e9f4e8f9fe686aa wpb-bg-color--transparant wpb-whitespace--medium\" id=\"wpb-block_0003c5e4197bfab59e9f4e8f9fe686aa\">\n    <div class=\"container\">\n        <div class=\"image\">\n                            <div class=\"owl-carousel owl-carousel--images\">\n                    <img loading=\"lazy\" decoding=\"async\" width=\"1000\" height=\"600\" src=\"https:\/\/aluconnect.nl\/wp-content\/uploads\/2023\/11\/carousel-img-16.jpg\" class=\"attachment-large size-large\" alt=\"\" srcset=\"https:\/\/aluconnect.nl\/wp-content\/uploads\/2023\/11\/carousel-img-16.jpg 1000w, https:\/\/aluconnect.nl\/wp-content\/uploads\/2023\/11\/carousel-img-16-300x180.jpg 300w, https:\/\/aluconnect.nl\/wp-content\/uploads\/2023\/11\/carousel-img-16-768x461.jpg 768w\" sizes=\"auto, (max-width: 1000px) 100vw, 1000px\" \/><img loading=\"lazy\" decoding=\"async\" width=\"1000\" height=\"600\" src=\"https:\/\/aluconnect.nl\/wp-content\/uploads\/2023\/11\/carousel-img-1.jpg\" class=\"attachment-large size-large\" alt=\"\" srcset=\"https:\/\/aluconnect.nl\/wp-content\/uploads\/2023\/11\/carousel-img-1.jpg 1000w, https:\/\/aluconnect.nl\/wp-content\/uploads\/2023\/11\/carousel-img-1-300x180.jpg 300w, https:\/\/aluconnect.nl\/wp-content\/uploads\/2023\/11\/carousel-img-1-768x461.jpg 768w\" sizes=\"auto, (max-width: 1000px) 100vw, 1000px\" \/><img loading=\"lazy\" decoding=\"async\" width=\"1000\" height=\"600\" src=\"https:\/\/aluconnect.nl\/wp-content\/uploads\/2023\/11\/carousel-img-2.jpg\" class=\"attachment-large size-large\" alt=\"\" srcset=\"https:\/\/aluconnect.nl\/wp-content\/uploads\/2023\/11\/carousel-img-2.jpg 1000w, https:\/\/aluconnect.nl\/wp-content\/uploads\/2023\/11\/carousel-img-2-300x180.jpg 300w, https:\/\/aluconnect.nl\/wp-content\/uploads\/2023\/11\/carousel-img-2-768x461.jpg 768w\" sizes=\"auto, (max-width: 1000px) 100vw, 1000px\" \/><img loading=\"lazy\" decoding=\"async\" width=\"1000\" height=\"600\" src=\"https:\/\/aluconnect.nl\/wp-content\/uploads\/2023\/11\/carousel-img-3.jpg\" class=\"attachment-large size-large\" alt=\"\" srcset=\"https:\/\/aluconnect.nl\/wp-content\/uploads\/2023\/11\/carousel-img-3.jpg 1000w, https:\/\/aluconnect.nl\/wp-content\/uploads\/2023\/11\/carousel-img-3-300x180.jpg 300w, https:\/\/aluconnect.nl\/wp-content\/uploads\/2023\/11\/carousel-img-3-768x461.jpg 768w\" sizes=\"auto, (max-width: 1000px) 100vw, 1000px\" \/><img loading=\"lazy\" decoding=\"async\" width=\"1000\" height=\"600\" src=\"https:\/\/aluconnect.nl\/wp-content\/uploads\/2023\/11\/carousel-img-4.jpg\" class=\"attachment-large size-large\" alt=\"\" srcset=\"https:\/\/aluconnect.nl\/wp-content\/uploads\/2023\/11\/carousel-img-4.jpg 1000w, https:\/\/aluconnect.nl\/wp-content\/uploads\/2023\/11\/carousel-img-4-300x180.jpg 300w, https:\/\/aluconnect.nl\/wp-content\/uploads\/2023\/11\/carousel-img-4-768x461.jpg 768w\" sizes=\"auto, (max-width: 1000px) 100vw, 1000px\" \/><img loading=\"lazy\" decoding=\"async\" width=\"1000\" height=\"600\" src=\"https:\/\/aluconnect.nl\/wp-content\/uploads\/2023\/11\/carousel-img-5.jpg\" class=\"attachment-large size-large\" alt=\"\" srcset=\"https:\/\/aluconnect.nl\/wp-content\/uploads\/2023\/11\/carousel-img-5.jpg 1000w, https:\/\/aluconnect.nl\/wp-content\/uploads\/2023\/11\/carousel-img-5-300x180.jpg 300w, https:\/\/aluconnect.nl\/wp-content\/uploads\/2023\/11\/carousel-img-5-768x461.jpg 768w\" sizes=\"auto, (max-width: 1000px) 100vw, 1000px\" \/><img loading=\"lazy\" decoding=\"async\" width=\"1000\" height=\"600\" src=\"https:\/\/aluconnect.nl\/wp-content\/uploads\/2023\/11\/carousel-img-6.jpg\" class=\"attachment-large size-large\" alt=\"\" srcset=\"https:\/\/aluconnect.nl\/wp-content\/uploads\/2023\/11\/carousel-img-6.jpg 1000w, https:\/\/aluconnect.nl\/wp-content\/uploads\/2023\/11\/carousel-img-6-300x180.jpg 300w, https:\/\/aluconnect.nl\/wp-content\/uploads\/2023\/11\/carousel-img-6-768x461.jpg 768w\" sizes=\"auto, (max-width: 1000px) 100vw, 1000px\" \/><img loading=\"lazy\" decoding=\"async\" width=\"1000\" height=\"600\" src=\"https:\/\/aluconnect.nl\/wp-content\/uploads\/2023\/11\/carousel-img-7.jpg\" class=\"attachment-large size-large\" alt=\"\" srcset=\"https:\/\/aluconnect.nl\/wp-content\/uploads\/2023\/11\/carousel-img-7.jpg 1000w, https:\/\/aluconnect.nl\/wp-content\/uploads\/2023\/11\/carousel-img-7-300x180.jpg 300w, https:\/\/aluconnect.nl\/wp-content\/uploads\/2023\/11\/carousel-img-7-768x461.jpg 768w\" sizes=\"auto, (max-width: 1000px) 100vw, 1000px\" \/><img loading=\"lazy\" decoding=\"async\" width=\"1000\" height=\"600\" src=\"https:\/\/aluconnect.nl\/wp-content\/uploads\/2023\/11\/carousel-img-8.jpg\" class=\"attachment-large size-large\" alt=\"\" srcset=\"https:\/\/aluconnect.nl\/wp-content\/uploads\/2023\/11\/carousel-img-8.jpg 1000w, https:\/\/aluconnect.nl\/wp-content\/uploads\/2023\/11\/carousel-img-8-300x180.jpg 300w, https:\/\/aluconnect.nl\/wp-content\/uploads\/2023\/11\/carousel-img-8-768x461.jpg 768w\" sizes=\"auto, (max-width: 1000px) 100vw, 1000px\" \/><img loading=\"lazy\" decoding=\"async\" width=\"1000\" height=\"600\" src=\"https:\/\/aluconnect.nl\/wp-content\/uploads\/2023\/11\/carousel-img-9.jpg\" class=\"attachment-large size-large\" alt=\"\" srcset=\"https:\/\/aluconnect.nl\/wp-content\/uploads\/2023\/11\/carousel-img-9.jpg 1000w, https:\/\/aluconnect.nl\/wp-content\/uploads\/2023\/11\/carousel-img-9-300x180.jpg 300w, https:\/\/aluconnect.nl\/wp-content\/uploads\/2023\/11\/carousel-img-9-768x461.jpg 768w\" sizes=\"auto, (max-width: 1000px) 100vw, 1000px\" \/><img loading=\"lazy\" decoding=\"async\" width=\"1000\" height=\"600\" src=\"https:\/\/aluconnect.nl\/wp-content\/uploads\/2023\/11\/carousel-img-10.jpg\" class=\"attachment-large size-large\" alt=\"\" srcset=\"https:\/\/aluconnect.nl\/wp-content\/uploads\/2023\/11\/carousel-img-10.jpg 1000w, https:\/\/aluconnect.nl\/wp-content\/uploads\/2023\/11\/carousel-img-10-300x180.jpg 300w, https:\/\/aluconnect.nl\/wp-content\/uploads\/2023\/11\/carousel-img-10-768x461.jpg 768w\" sizes=\"auto, (max-width: 1000px) 100vw, 1000px\" \/><img loading=\"lazy\" decoding=\"async\" width=\"1000\" height=\"600\" src=\"https:\/\/aluconnect.nl\/wp-content\/uploads\/2023\/11\/carousel-img-11.jpg\" class=\"attachment-large size-large\" alt=\"\" srcset=\"https:\/\/aluconnect.nl\/wp-content\/uploads\/2023\/11\/carousel-img-11.jpg 1000w, https:\/\/aluconnect.nl\/wp-content\/uploads\/2023\/11\/carousel-img-11-300x180.jpg 300w, https:\/\/aluconnect.nl\/wp-content\/uploads\/2023\/11\/carousel-img-11-768x461.jpg 768w\" sizes=\"auto, (max-width: 1000px) 100vw, 1000px\" \/><img loading=\"lazy\" decoding=\"async\" width=\"1000\" height=\"600\" src=\"https:\/\/aluconnect.nl\/wp-content\/uploads\/2023\/11\/carousel-img-12.jpg\" class=\"attachment-large size-large\" alt=\"\" srcset=\"https:\/\/aluconnect.nl\/wp-content\/uploads\/2023\/11\/carousel-img-12.jpg 1000w, https:\/\/aluconnect.nl\/wp-content\/uploads\/2023\/11\/carousel-img-12-300x180.jpg 300w, https:\/\/aluconnect.nl\/wp-content\/uploads\/2023\/11\/carousel-img-12-768x461.jpg 768w\" sizes=\"auto, (max-width: 1000px) 100vw, 1000px\" \/><img loading=\"lazy\" decoding=\"async\" width=\"1000\" height=\"600\" src=\"https:\/\/aluconnect.nl\/wp-content\/uploads\/2023\/11\/carousel-img-13.jpg\" class=\"attachment-large size-large\" alt=\"\" srcset=\"https:\/\/aluconnect.nl\/wp-content\/uploads\/2023\/11\/carousel-img-13.jpg 1000w, https:\/\/aluconnect.nl\/wp-content\/uploads\/2023\/11\/carousel-img-13-300x180.jpg 300w, https:\/\/aluconnect.nl\/wp-content\/uploads\/2023\/11\/carousel-img-13-768x461.jpg 768w\" sizes=\"auto, (max-width: 1000px) 100vw, 1000px\" \/><img loading=\"lazy\" decoding=\"async\" width=\"1000\" height=\"600\" src=\"https:\/\/aluconnect.nl\/wp-content\/uploads\/2023\/11\/carousel-img-14.jpg\" class=\"attachment-large size-large\" alt=\"\" srcset=\"https:\/\/aluconnect.nl\/wp-content\/uploads\/2023\/11\/carousel-img-14.jpg 1000w, https:\/\/aluconnect.nl\/wp-content\/uploads\/2023\/11\/carousel-img-14-300x180.jpg 300w, https:\/\/aluconnect.nl\/wp-content\/uploads\/2023\/11\/carousel-img-14-768x461.jpg 768w\" sizes=\"auto, (max-width: 1000px) 100vw, 1000px\" \/><img loading=\"lazy\" decoding=\"async\" width=\"1000\" height=\"600\" src=\"https:\/\/aluconnect.nl\/wp-content\/uploads\/2023\/11\/carousel-img-15.jpg\" class=\"attachment-large size-large\" alt=\"\" srcset=\"https:\/\/aluconnect.nl\/wp-content\/uploads\/2023\/11\/carousel-img-15.jpg 1000w, https:\/\/aluconnect.nl\/wp-content\/uploads\/2023\/11\/carousel-img-15-300x180.jpg 300w, https:\/\/aluconnect.nl\/wp-content\/uploads\/2023\/11\/carousel-img-15-768x461.jpg 768w\" sizes=\"auto, (max-width: 1000px) 100vw, 1000px\" \/>                <\/div>\n            \n        <\/div>    \n        <div class=\"inner\">\n            <div class=\"block title\">\n                <h2>Unsere Produktpalette ansehen<\/h2>\n                                    <a class=\"btn outline\" href=\"\/de\/produkte\/\">Produkte<\/a> \n                            <\/div>\n            <div class=\"block text\">\n                <section class=\"title\">\n<h3>Sicher und robust<\/h3>\n<p>&nbsp;<\/p>\n<p>Sie m\u00f6chten Ihr Haus oder Geb\u00e4ude so gut wie m\u00f6glich sch\u00fctzen, aber auch ein offenes und einladendes Erscheinungsbild bewahren. Aus diesem Grund konzentriert sich Aluconnect mit gro\u00dfem Engagement auf die Entwicklung und Produktion von robusten, formsch\u00f6nen Z\u00e4unen und Toren, bei denen Qualit\u00e4t und Sicherheit f\u00fcr uns von gr\u00f6\u00dfter Bedeutung sind. Deshalb bieten wir Ihnen eine gro\u00dfe Auswahl an Toren und Z\u00e4unen, die Ihren Erwartungen entsprechen.<\/p>\n<\/section>\n            <\/div>\n        <\/div>\n    <\/div>\n<\/section>\n\n<section class=\"wpb--tekst-media wpb-block_1976e7e0f400224e3718e52feda88d70 wpb-bg-color--gray-to-white wpb-whitespace--\" id=\"wpb-block_1976e7e0f400224e3718e52feda88d70\">\n    <div class=\"inner wpb-align-left\">\n                    <div class=\"block media wpb-align-left\">\n                <img decoding=\"async\" width=\"100%\" height=\"100%\" src=\"https:\/\/aluconnect.nl\/wp-content\/uploads\/2023\/10\/Kopie-van-1RU_9168-Verbeterd-NR-scaled.jpg\" alt=\"\"\/>            <\/div>\n                            <div class=\"block content wpb-bg-color--white wpb-align-left\">\n                                    <section class=\"title\">\n<h3>Innovation und Passion<\/h3>\n<\/section>\n<p>&nbsp;<\/p>\n<p>Innovation, Erfahrungsaustausch und Partnerschaften halten uns an der Spitze der Entwicklung von Aluminiumtoren, Z\u00e4unen und Gel\u00e4ndesicherheit.<\/p>\n<p>Unsere Passion f\u00fcr Aluminiumz\u00e4une und -tore spiegelt sich in der gro\u00dfen Vielfalt an Produkten und Anwendungen wider.<\/p>\n<p><a class=\"btn btn-primary\" href=\"https:\/\/aluconnect.nl\/de\/service-und-qualitat\/\">Service und Qualit\u00e4t<\/a><\/p>\n                            <\/div>\n            <\/div>\n<\/section>\n\n<section class=\"wpb--tekst-media wpb-block_cc7634e6216ed65860e9e100ef56bc39 wpb-bg-color--white wpb-whitespace--\" id=\"wpb-block_cc7634e6216ed65860e9e100ef56bc39\">\n    <div class=\"inner wpb-align-right\">\n                    <div class=\"block media wpb-align-right\">\n                <img decoding=\"async\" width=\"100%\" height=\"100%\" src=\"https:\/\/aluconnect.nl\/wp-content\/uploads\/2023\/10\/Kopie-van-1RU_9149-Verbeterd-NR-scaled.jpg\" alt=\"\"\/>            <\/div>\n                            <div class=\"block content wpb-bg-color--white wpb-align-right\">\n                                    <section class=\"title\">\n<h2>Ambiente &amp; Flair<\/h2>\n<p>&nbsp;<\/p>\n<p>Wir liefern sichere, einladende und elegante Systeme f\u00fcr jedes Budget, jeden Geschmack und jedes Geb\u00e4ude. Unsere Produkte sind immer mit den notwendigen Installationswerkzeugen f\u00fcr den professionellen Installateur ausgestattet.<\/p>\n<p>Wir bieten eine sehr umfangreiche Produktpalette, so dass Sie immer eine L\u00f6sung in jeder Situation anbieten k\u00f6nnen. Neugierig? Schauen Sie sich bei Produkte f\u00fcr alle m\u00f6glichen L\u00f6sungen an.<\/p>\n<\/section>\n<p><a class=\"btn btn-primary\" href=\"\/de\/produkte\/\">Produkte<\/a><\/p>\n                            <\/div>\n            <\/div>\n<\/section>\n\n<section class=\"wpb-cta wpb-block_f56d491bb7e79a3b8417c215c4ef920f wpb-bg-color--gray-to-white wpb-whitespace--medium\" id=\"wpb-block_f56d491bb7e79a3b8417c215c4ef920f\">\n    <div class=\"container\">\n        <div class=\"inner\">\n            <img decoding=\"async\" class=\"alu-icon\" src=\"https:\/\/aluconnect.nl\/wp-content\/themes\/wux\/assets\/img\/alu-icon.svg\">\n            <h2><em>Melden Sie Sich.<\/em> Wir freuen uns, mit Ihnen zu denken!<\/h2>\n<p>Sind Sie auf der Suche nach Z\u00e4unen und\/oder Toren, die sich nahtlos an Ihre Bed\u00fcrfnisse anpassen und immer nach Ma\u00df gefertigt werden? Aluconnect liefert die Zaun- und Torsysteme, die Sie suchen!<\/p>\n<p><strong>Neugierig auf die M\u00f6glichkeiten, kontaktieren Sie uns!<\/strong><\/p>\n                            <a class=\"btn white outline\" href=\"\/de\/kontakt\/\">Kontaktieren Sie uns<\/a> \n              \n        <\/div>\n    <\/div>\n<\/section>","protected":false},"excerpt":{"rendered":"","protected":false},"author":1,"featured_media":0,"parent":0,"menu_order":0,"comment_status":"closed","ping_status":"closed","template":"","meta":{"_acf_changed":false,"footnotes":""},"class_list":["post-748","page","type-page","status-publish","hentry"],"acf":[],"yoast_head":"<!-- This site is optimized with the Yoast SEO plugin v27.3 - https:\/\/yoast.com\/product\/yoast-seo-wordpress\/ -->\n<title>Home | Aluconnect<\/title>\n<meta name=\"robots\" content=\"index, follow, max-snippet:-1, max-image-preview:large, max-video-preview:-1\" \/>\n<link rel=\"canonical\" href=\"https:\/\/aluconnect.nl\/de\/\" \/>\n<meta property=\"og:locale\" content=\"de_DE\" \/>\n<meta property=\"og:type\" content=\"article\" \/>\n<meta property=\"og:title\" content=\"Home | Aluconnect\" \/>\n<meta property=\"og:url\" content=\"https:\/\/aluconnect.nl\/de\/\" \/>\n<meta property=\"og:site_name\" content=\"Aluconnect\" \/>\n<meta property=\"article:modified_time\" content=\"2024-07-24T14:39:37+00:00\" \/>\n<meta name=\"twitter:card\" content=\"summary_large_image\" \/>\n<script type=\"application\/ld+json\" class=\"yoast-schema-graph\">{\"@context\":\"https:\\\/\\\/schema.org\",\"@graph\":[{\"@type\":\"WebPage\",\"@id\":\"https:\\\/\\\/aluconnect.nl\\\/de\\\/\",\"url\":\"https:\\\/\\\/aluconnect.nl\\\/de\\\/\",\"name\":\"Home | Aluconnect\",\"isPartOf\":{\"@id\":\"https:\\\/\\\/aluconnect.nl\\\/de\\\/#website\"},\"datePublished\":\"2022-11-02T14:24:24+00:00\",\"dateModified\":\"2024-07-24T14:39:37+00:00\",\"breadcrumb\":{\"@id\":\"https:\\\/\\\/aluconnect.nl\\\/de\\\/#breadcrumb\"},\"inLanguage\":\"de\",\"potentialAction\":[{\"@type\":\"ReadAction\",\"target\":[\"https:\\\/\\\/aluconnect.nl\\\/de\\\/\"]}]},{\"@type\":\"BreadcrumbList\",\"@id\":\"https:\\\/\\\/aluconnect.nl\\\/de\\\/#breadcrumb\",\"itemListElement\":[{\"@type\":\"ListItem\",\"position\":1,\"name\":\"Home\",\"item\":\"https:\\\/\\\/aluconnect.nl\\\/de\\\/\"},{\"@type\":\"ListItem\",\"position\":2,\"name\":\"Home\"}]},{\"@type\":\"WebSite\",\"@id\":\"https:\\\/\\\/aluconnect.nl\\\/de\\\/#website\",\"url\":\"https:\\\/\\\/aluconnect.nl\\\/de\\\/\",\"name\":\"Aluconnect\",\"description\":\"Aluminium poorten en schuttingen voor de toekomst\",\"publisher\":{\"@id\":\"https:\\\/\\\/aluconnect.nl\\\/de\\\/#organization\"},\"potentialAction\":[{\"@type\":\"SearchAction\",\"target\":{\"@type\":\"EntryPoint\",\"urlTemplate\":\"https:\\\/\\\/aluconnect.nl\\\/de\\\/?s={search_term_string}\"},\"query-input\":{\"@type\":\"PropertyValueSpecification\",\"valueRequired\":true,\"valueName\":\"search_term_string\"}}],\"inLanguage\":\"de\"},{\"@type\":\"Organization\",\"@id\":\"https:\\\/\\\/aluconnect.nl\\\/de\\\/#organization\",\"name\":\"Aluconnect\",\"url\":\"https:\\\/\\\/aluconnect.nl\\\/de\\\/\",\"logo\":{\"@type\":\"ImageObject\",\"inLanguage\":\"de\",\"@id\":\"https:\\\/\\\/aluconnect.nl\\\/de\\\/#\\\/schema\\\/logo\\\/image\\\/\",\"url\":\"https:\\\/\\\/aluconnect.nl\\\/wp-content\\\/uploads\\\/2022\\\/11\\\/logo-kleur.svg\",\"contentUrl\":\"https:\\\/\\\/aluconnect.nl\\\/wp-content\\\/uploads\\\/2022\\\/11\\\/logo-kleur.svg\",\"width\":1,\"height\":1,\"caption\":\"Aluconnect\"},\"image\":{\"@id\":\"https:\\\/\\\/aluconnect.nl\\\/de\\\/#\\\/schema\\\/logo\\\/image\\\/\"}}]}<\/script>\n<!-- \/ Yoast SEO plugin. -->","yoast_head_json":{"title":"Home | Aluconnect","robots":{"index":"index","follow":"follow","max-snippet":"max-snippet:-1","max-image-preview":"max-image-preview:large","max-video-preview":"max-video-preview:-1"},"canonical":"https:\/\/aluconnect.nl\/de\/","og_locale":"de_DE","og_type":"article","og_title":"Home | Aluconnect","og_url":"https:\/\/aluconnect.nl\/de\/","og_site_name":"Aluconnect","article_modified_time":"2024-07-24T14:39:37+00:00","twitter_card":"summary_large_image","schema":{"@context":"https:\/\/schema.org","@graph":[{"@type":"WebPage","@id":"https:\/\/aluconnect.nl\/de\/","url":"https:\/\/aluconnect.nl\/de\/","name":"Home | Aluconnect","isPartOf":{"@id":"https:\/\/aluconnect.nl\/de\/#website"},"datePublished":"2022-11-02T14:24:24+00:00","dateModified":"2024-07-24T14:39:37+00:00","breadcrumb":{"@id":"https:\/\/aluconnect.nl\/de\/#breadcrumb"},"inLanguage":"de","potentialAction":[{"@type":"ReadAction","target":["https:\/\/aluconnect.nl\/de\/"]}]},{"@type":"BreadcrumbList","@id":"https:\/\/aluconnect.nl\/de\/#breadcrumb","itemListElement":[{"@type":"ListItem","position":1,"name":"Home","item":"https:\/\/aluconnect.nl\/de\/"},{"@type":"ListItem","position":2,"name":"Home"}]},{"@type":"WebSite","@id":"https:\/\/aluconnect.nl\/de\/#website","url":"https:\/\/aluconnect.nl\/de\/","name":"Aluconnect","description":"Aluminium poorten en schuttingen voor de toekomst","publisher":{"@id":"https:\/\/aluconnect.nl\/de\/#organization"},"potentialAction":[{"@type":"SearchAction","target":{"@type":"EntryPoint","urlTemplate":"https:\/\/aluconnect.nl\/de\/?s={search_term_string}"},"query-input":{"@type":"PropertyValueSpecification","valueRequired":true,"valueName":"search_term_string"}}],"inLanguage":"de"},{"@type":"Organization","@id":"https:\/\/aluconnect.nl\/de\/#organization","name":"Aluconnect","url":"https:\/\/aluconnect.nl\/de\/","logo":{"@type":"ImageObject","inLanguage":"de","@id":"https:\/\/aluconnect.nl\/de\/#\/schema\/logo\/image\/","url":"https:\/\/aluconnect.nl\/wp-content\/uploads\/2022\/11\/logo-kleur.svg","contentUrl":"https:\/\/aluconnect.nl\/wp-content\/uploads\/2022\/11\/logo-kleur.svg","width":1,"height":1,"caption":"Aluconnect"},"image":{"@id":"https:\/\/aluconnect.nl\/de\/#\/schema\/logo\/image\/"}}]}},"_links":{"self":[{"href":"https:\/\/aluconnect.nl\/de\/wp-json\/wp\/v2\/pages\/748","targetHints":{"allow":["GET"]}}],"collection":[{"href":"https:\/\/aluconnect.nl\/de\/wp-json\/wp\/v2\/pages"}],"about":[{"href":"https:\/\/aluconnect.nl\/de\/wp-json\/wp\/v2\/types\/page"}],"author":[{"embeddable":true,"href":"https:\/\/aluconnect.nl\/de\/wp-json\/wp\/v2\/users\/1"}],"replies":[{"embeddable":true,"href":"https:\/\/aluconnect.nl\/de\/wp-json\/wp\/v2\/comments?post=748"}],"version-history":[{"count":121,"href":"https:\/\/aluconnect.nl\/de\/wp-json\/wp\/v2\/pages\/748\/revisions"}],"predecessor-version":[{"id":3006,"href":"https:\/\/aluconnect.nl\/de\/wp-json\/wp\/v2\/pages\/748\/revisions\/3006"}],"wp:attachment":[{"href":"https:\/\/aluconnect.nl\/de\/wp-json\/wp\/v2\/media?parent=748"}],"curies":[{"name":"wp","href":"https:\/\/api.w.org\/{rel}","templated":true}]}}