{"id":2692,"date":"2022-11-04T15:44:45","date_gmt":"2022-11-04T14:44:45","guid":{"rendered":"https:\/\/aluconnect.nl\/freie-stellen\/"},"modified":"2024-10-22T07:10:21","modified_gmt":"2024-10-22T06:10:21","slug":"freie-stellen","status":"publish","type":"page","link":"https:\/\/aluconnect.nl\/de\/freie-stellen\/","title":{"rendered":"Freie Stellen"},"content":{"rendered":"<section class=\"wpb-header__1 wpb-bg-color--accent-1 has-img wpb-bg-color--accent-1\" style=\"background-image: url(https:\/\/aluconnect.nl\/wp-content\/uploads\/2023\/10\/Kopie-van-1RU_0918-1-scaled.jpg);\">\n    <div class=\"container\">\n        <div class=\"inner\">\n                            <h2>Arbeiten bei Aluconnect<\/h2>\n<p>Bei Aluconnect dreht sich alles um die Vernetzung, sowohl mit unseren Mitarbeitern als auch mit unseren Partnern und Vertretern. Wir glauben an Zusammenarbeit, kontinuierliches Wachstum, gegenseitiges Zuh\u00f6ren und voneinander lernen. Damit wir unsere Produkte weiter entwickeln.<\/p>\n                    <\/div>  \n    <\/div>\n<\/section>\n\n<section class=\"wpb-text wpb-bg-color--transparent wpb-whitespace--Medium wpb-block_dbf8546b7ca02836063a3e343949cf24\" id=\"wpb-block_dbf8546b7ca02836063a3e343949cf24\">\n    <div class=\"container\">\n        <div class=\"inner\">\n            <h2 style=\"text-align: left;\">Bauen Sie mit Leidenschaft an unserer Zukunft?<\/h2>\n<p style=\"text-align: left;\">Bei Aluconnect dreht sich alles um die Vernetzung, sowohl mit unseren Mitarbeitern als auch mit unseren Partnern und Vertretern. Wir glauben an Zusammenarbeit, kontinuierliches Wachstum, gegenseitiges Zuh\u00f6ren und voneinander lernen. Damit wir unsere Produkte weiter entwickeln.<\/p>\n<p style=\"text-align: left;\"><strong>Sind Sie flexibel und innovativ?<\/strong><\/p>\n<p style=\"text-align: left;\">Flexibilit\u00e4t ist unser Markenzeichen. Mit kontinuierlichen Ver\u00e4nderungen und nachhaltigen Entwicklungen erf\u00fcllen wir die Bed\u00fcrfnisse unserer Kunden. Innovation ist der Schl\u00fcssel, deshalb fordern wir uns jeden Tag heraus, besser zu sein als gestern. Wenn Sie auf der Suche nach einem dynamischen und inspirierenden Arbeitsumfeld sind, sind Sie bei Aluconnect genau richtig.<\/p>\n<p style=\"text-align: left;\">Informieren Sie sich hier \u00fcber unsere offenen Stellen und schlie\u00dfen Sie sich unserem Team an. Auch eine offene Bewerbung ist m\u00f6glich.<\/p>\n                    <\/div>     \n    <\/div>\n<\/section>\n\n<section class=\"wpb-image-link wpb-whitespace--medium wpb-bg-color--transparant\">\n    <div class=\"container\">\n        <div class=\"inner\">\n                                                    <a class=\"image-link\" target=\"_blank\" href=\"https:\/\/aluconnect.nl\/wp-content\/uploads\/2024\/10\/Werkvoorbereider-1.pdf\">\n                    \n                            <img loading=\"lazy\" decoding=\"async\" width=\"1024\" height=\"1024\" src=\"https:\/\/aluconnect.nl\/wp-content\/uploads\/2024\/10\/werkvoorbereider-2-1024x1024.jpg\" class=\"attachment-large size-large\" alt=\"Vacature werkvoorbereider bij Aluconnect\" srcset=\"https:\/\/aluconnect.nl\/wp-content\/uploads\/2024\/10\/werkvoorbereider-2-1024x1024.jpg 1024w, https:\/\/aluconnect.nl\/wp-content\/uploads\/2024\/10\/werkvoorbereider-2-300x300.jpg 300w, https:\/\/aluconnect.nl\/wp-content\/uploads\/2024\/10\/werkvoorbereider-2-150x150.jpg 150w, https:\/\/aluconnect.nl\/wp-content\/uploads\/2024\/10\/werkvoorbereider-2-768x768.jpg 768w, https:\/\/aluconnect.nl\/wp-content\/uploads\/2024\/10\/werkvoorbereider-2-1536x1536.jpg 1536w, https:\/\/aluconnect.nl\/wp-content\/uploads\/2024\/10\/werkvoorbereider-2.jpg 2000w\" sizes=\"auto, (max-width: 1024px) 100vw, 1024px\" \/>                                            <\/a>\n                                                                <a class=\"image-link\" target=\"_blank\" href=\"https:\/\/aluconnect.nl\/wp-content\/uploads\/2024\/10\/Mechatronica-monteur.pdf\">\n                    \n                            <img loading=\"lazy\" decoding=\"async\" width=\"1024\" height=\"1024\" src=\"https:\/\/aluconnect.nl\/wp-content\/uploads\/2024\/10\/Mechatronica-monteur-1024x1024.jpg\" class=\"attachment-large size-large\" alt=\"Vacaturefoto Mechatronica monteur Aluconnect\" srcset=\"https:\/\/aluconnect.nl\/wp-content\/uploads\/2024\/10\/Mechatronica-monteur-1024x1024.jpg 1024w, https:\/\/aluconnect.nl\/wp-content\/uploads\/2024\/10\/Mechatronica-monteur-300x300.jpg 300w, https:\/\/aluconnect.nl\/wp-content\/uploads\/2024\/10\/Mechatronica-monteur-150x150.jpg 150w, https:\/\/aluconnect.nl\/wp-content\/uploads\/2024\/10\/Mechatronica-monteur-768x768.jpg 768w, https:\/\/aluconnect.nl\/wp-content\/uploads\/2024\/10\/Mechatronica-monteur-1536x1536.jpg 1536w, https:\/\/aluconnect.nl\/wp-content\/uploads\/2024\/10\/Mechatronica-monteur.jpg 2000w\" sizes=\"auto, (max-width: 1024px) 100vw, 1024px\" \/>                                            <\/a>\n                                                            <\/div>\n    <\/div>\n<\/section>","protected":false},"excerpt":{"rendered":"","protected":false},"author":1,"featured_media":0,"parent":0,"menu_order":0,"comment_status":"closed","ping_status":"closed","template":"","meta":{"_acf_changed":false,"footnotes":""},"class_list":["post-2692","page","type-page","status-publish","hentry"],"acf":[],"yoast_head":"<!-- This site is optimized with the Yoast SEO plugin v27.3 - https:\/\/yoast.com\/product\/yoast-seo-wordpress\/ -->\n<title>Freie Stellen | Aluconnect<\/title>\n<meta name=\"robots\" content=\"index, follow, max-snippet:-1, max-image-preview:large, max-video-preview:-1\" \/>\n<link rel=\"canonical\" href=\"https:\/\/aluconnect.nl\/de\/freie-stellen\/\" \/>\n<meta property=\"og:locale\" content=\"de_DE\" \/>\n<meta property=\"og:type\" content=\"article\" \/>\n<meta property=\"og:title\" content=\"Freie Stellen | Aluconnect\" \/>\n<meta property=\"og:url\" content=\"https:\/\/aluconnect.nl\/de\/freie-stellen\/\" \/>\n<meta property=\"og:site_name\" content=\"Aluconnect\" \/>\n<meta property=\"article:modified_time\" content=\"2024-10-22T06:10:21+00:00\" \/>\n<meta name=\"twitter:card\" content=\"summary_large_image\" \/>\n<script type=\"application\/ld+json\" class=\"yoast-schema-graph\">{\"@context\":\"https:\\\/\\\/schema.org\",\"@graph\":[{\"@type\":\"WebPage\",\"@id\":\"https:\\\/\\\/aluconnect.nl\\\/de\\\/freie-stellen\\\/\",\"url\":\"https:\\\/\\\/aluconnect.nl\\\/de\\\/freie-stellen\\\/\",\"name\":\"Freie Stellen | Aluconnect\",\"isPartOf\":{\"@id\":\"https:\\\/\\\/aluconnect.nl\\\/de\\\/#website\"},\"datePublished\":\"2022-11-04T14:44:45+00:00\",\"dateModified\":\"2024-10-22T06:10:21+00:00\",\"breadcrumb\":{\"@id\":\"https:\\\/\\\/aluconnect.nl\\\/de\\\/freie-stellen\\\/#breadcrumb\"},\"inLanguage\":\"de\",\"potentialAction\":[{\"@type\":\"ReadAction\",\"target\":[\"https:\\\/\\\/aluconnect.nl\\\/de\\\/freie-stellen\\\/\"]}]},{\"@type\":\"BreadcrumbList\",\"@id\":\"https:\\\/\\\/aluconnect.nl\\\/de\\\/freie-stellen\\\/#breadcrumb\",\"itemListElement\":[{\"@type\":\"ListItem\",\"position\":1,\"name\":\"Home\",\"item\":\"https:\\\/\\\/aluconnect.nl\\\/de\\\/\"},{\"@type\":\"ListItem\",\"position\":2,\"name\":\"Freie Stellen\"}]},{\"@type\":\"WebSite\",\"@id\":\"https:\\\/\\\/aluconnect.nl\\\/de\\\/#website\",\"url\":\"https:\\\/\\\/aluconnect.nl\\\/de\\\/\",\"name\":\"Aluconnect\",\"description\":\"Aluminium poorten en schuttingen voor de toekomst\",\"publisher\":{\"@id\":\"https:\\\/\\\/aluconnect.nl\\\/de\\\/#organization\"},\"potentialAction\":[{\"@type\":\"SearchAction\",\"target\":{\"@type\":\"EntryPoint\",\"urlTemplate\":\"https:\\\/\\\/aluconnect.nl\\\/de\\\/?s={search_term_string}\"},\"query-input\":{\"@type\":\"PropertyValueSpecification\",\"valueRequired\":true,\"valueName\":\"search_term_string\"}}],\"inLanguage\":\"de\"},{\"@type\":\"Organization\",\"@id\":\"https:\\\/\\\/aluconnect.nl\\\/de\\\/#organization\",\"name\":\"Aluconnect\",\"url\":\"https:\\\/\\\/aluconnect.nl\\\/de\\\/\",\"logo\":{\"@type\":\"ImageObject\",\"inLanguage\":\"de\",\"@id\":\"https:\\\/\\\/aluconnect.nl\\\/de\\\/#\\\/schema\\\/logo\\\/image\\\/\",\"url\":\"https:\\\/\\\/aluconnect.nl\\\/wp-content\\\/uploads\\\/2022\\\/11\\\/logo-kleur.svg\",\"contentUrl\":\"https:\\\/\\\/aluconnect.nl\\\/wp-content\\\/uploads\\\/2022\\\/11\\\/logo-kleur.svg\",\"width\":1,\"height\":1,\"caption\":\"Aluconnect\"},\"image\":{\"@id\":\"https:\\\/\\\/aluconnect.nl\\\/de\\\/#\\\/schema\\\/logo\\\/image\\\/\"}}]}<\/script>\n<!-- \/ Yoast SEO plugin. -->","yoast_head_json":{"title":"Freie Stellen | Aluconnect","robots":{"index":"index","follow":"follow","max-snippet":"max-snippet:-1","max-image-preview":"max-image-preview:large","max-video-preview":"max-video-preview:-1"},"canonical":"https:\/\/aluconnect.nl\/de\/freie-stellen\/","og_locale":"de_DE","og_type":"article","og_title":"Freie Stellen | Aluconnect","og_url":"https:\/\/aluconnect.nl\/de\/freie-stellen\/","og_site_name":"Aluconnect","article_modified_time":"2024-10-22T06:10:21+00:00","twitter_card":"summary_large_image","schema":{"@context":"https:\/\/schema.org","@graph":[{"@type":"WebPage","@id":"https:\/\/aluconnect.nl\/de\/freie-stellen\/","url":"https:\/\/aluconnect.nl\/de\/freie-stellen\/","name":"Freie Stellen | Aluconnect","isPartOf":{"@id":"https:\/\/aluconnect.nl\/de\/#website"},"datePublished":"2022-11-04T14:44:45+00:00","dateModified":"2024-10-22T06:10:21+00:00","breadcrumb":{"@id":"https:\/\/aluconnect.nl\/de\/freie-stellen\/#breadcrumb"},"inLanguage":"de","potentialAction":[{"@type":"ReadAction","target":["https:\/\/aluconnect.nl\/de\/freie-stellen\/"]}]},{"@type":"BreadcrumbList","@id":"https:\/\/aluconnect.nl\/de\/freie-stellen\/#breadcrumb","itemListElement":[{"@type":"ListItem","position":1,"name":"Home","item":"https:\/\/aluconnect.nl\/de\/"},{"@type":"ListItem","position":2,"name":"Freie Stellen"}]},{"@type":"WebSite","@id":"https:\/\/aluconnect.nl\/de\/#website","url":"https:\/\/aluconnect.nl\/de\/","name":"Aluconnect","description":"Aluminium poorten en schuttingen voor de toekomst","publisher":{"@id":"https:\/\/aluconnect.nl\/de\/#organization"},"potentialAction":[{"@type":"SearchAction","target":{"@type":"EntryPoint","urlTemplate":"https:\/\/aluconnect.nl\/de\/?s={search_term_string}"},"query-input":{"@type":"PropertyValueSpecification","valueRequired":true,"valueName":"search_term_string"}}],"inLanguage":"de"},{"@type":"Organization","@id":"https:\/\/aluconnect.nl\/de\/#organization","name":"Aluconnect","url":"https:\/\/aluconnect.nl\/de\/","logo":{"@type":"ImageObject","inLanguage":"de","@id":"https:\/\/aluconnect.nl\/de\/#\/schema\/logo\/image\/","url":"https:\/\/aluconnect.nl\/wp-content\/uploads\/2022\/11\/logo-kleur.svg","contentUrl":"https:\/\/aluconnect.nl\/wp-content\/uploads\/2022\/11\/logo-kleur.svg","width":1,"height":1,"caption":"Aluconnect"},"image":{"@id":"https:\/\/aluconnect.nl\/de\/#\/schema\/logo\/image\/"}}]}},"_links":{"self":[{"href":"https:\/\/aluconnect.nl\/de\/wp-json\/wp\/v2\/pages\/2692","targetHints":{"allow":["GET"]}}],"collection":[{"href":"https:\/\/aluconnect.nl\/de\/wp-json\/wp\/v2\/pages"}],"about":[{"href":"https:\/\/aluconnect.nl\/de\/wp-json\/wp\/v2\/types\/page"}],"author":[{"embeddable":true,"href":"https:\/\/aluconnect.nl\/de\/wp-json\/wp\/v2\/users\/1"}],"replies":[{"embeddable":true,"href":"https:\/\/aluconnect.nl\/de\/wp-json\/wp\/v2\/comments?post=2692"}],"version-history":[{"count":2,"href":"https:\/\/aluconnect.nl\/de\/wp-json\/wp\/v2\/pages\/2692\/revisions"}],"predecessor-version":[{"id":3048,"href":"https:\/\/aluconnect.nl\/de\/wp-json\/wp\/v2\/pages\/2692\/revisions\/3048"}],"wp:attachment":[{"href":"https:\/\/aluconnect.nl\/de\/wp-json\/wp\/v2\/media?parent=2692"}],"curies":[{"name":"wp","href":"https:\/\/api.w.org\/{rel}","templated":true}]}}