{"id":2690,"date":"2023-11-23T11:39:35","date_gmt":"2023-11-23T10:39:35","guid":{"rendered":"https:\/\/aluconnect.nl\/datenschutzbestimmungen\/"},"modified":"2024-06-21T09:21:27","modified_gmt":"2024-06-21T08:21:27","slug":"datenschutzbestimmungen","status":"publish","type":"page","link":"https:\/\/aluconnect.nl\/de\/datenschutzbestimmungen\/","title":{"rendered":"Datenschutzbestimmungen"},"content":{"rendered":"<section class=\"wpb-header__1 wpb-bg-color--accent-1  wpb-bg-color--accent-1\" style=\"background-image: url();\">\n    <div class=\"container\">\n        <div class=\"inner\">\n                            <h1>Datenschutzbestimmungen<\/h1>\n                    <\/div>  \n    <\/div>\n<\/section><section class=\"wpb-text wpb-bg-color--transparent wpb-whitespace--none wpb-block_83ccb520f580288081f424a2b4689b1d\" id=\"wpb-block_83ccb520f580288081f424a2b4689b1d\">\n    <div class=\"container\">\n        <div class=\"inner\">\n            <p>&nbsp;<\/p>\n<p>&nbsp;<\/p>\n<p style=\"text-align: left;\">Aluconnect, befindet sich am Kokerbijl 9 &#8211; 5443 PV Haps &#8211; Niederlande, ist f\u00fcr die Verarbeitung der in dieser Datenschutzerkl\u00e4rung genannten personenbezogenen Daten verantwortlich.<\/p>\n<p style=\"text-align: left;\">Kontaktinformationen:<\/p>\n<p style=\"text-align: left;\">https:\/\/aluconnect.nl\/de\/<br \/>\nKokerbijl 9 &#8211; 5443 PV Haps &#8211; Niederlande<\/p>\n<p style=\"text-align: left;\"><strong>Von uns verarbeitete personenbezogene Daten<\/strong><\/p>\n<p style=\"text-align: left;\">Aluconnect verarbeitet keine personenbezogenen Daten, da auf unserer Website keine personenbezogenen Daten hinterlassen werden k\u00f6nnen. Wir verwenden auch keine Plugins f\u00fcr soziale Medien.<\/p>\n<p style=\"text-align: left;\"><strong>Besondere und\/oder sensible personenbezogene Daten, die wir verarbeiten<\/strong><\/p>\n<p style=\"text-align: left;\">Unsere Website und\/oder unser Dienst beabsichtigt nicht, Daten von Website-Besuchern zu sammeln, die unter 16 Jahre alt sind. Es sei denn, sie haben die Erlaubnis ihrer Eltern oder Erziehungsberechtigten. Wir k\u00f6nnen jedoch nicht \u00fcberpr\u00fcfen, ob ein Besucher \u00fcber 16 Jahre alt ist. Wir raten daher den Eltern, sich an den Online-Aktivit\u00e4ten ihrer Kinder zu beteiligen, um zu vermeiden, dass Daten \u00fcber Kinder ohne elterliche Zustimmung gesammelt werden. Wenn Sie davon \u00fcberzeugt sind, dass wir personenbezogene Daten \u00fcber einen Minderj\u00e4hrigen ohne eine solche Zustimmung gesammelt haben, kontaktieren Sie uns bitte unter {{SITE_EMAIL}}, und wir werden diese Informationen l\u00f6schen.<\/p>\n<p style=\"text-align: left;\"><strong>Zu welchem Zweck und auf welcher Grundlage wir personenbezogene Daten verarbeiten<\/strong><\/p>\n<p style=\"text-align: left;\">Aluconnect verarbeitet Ihre personenbezogenen Daten f\u00fcr die folgenden Zwecke:<\/p>\n<ul style=\"text-align: left;\">\n<li>Information \u00fcber \u00c4nderungen an unseren Dienstleistungen und Produkten<\/li>\n<li>Aluconnect analysiert Ihr Verhalten auf der Website, um die Website zu verbessern und das Angebot an Produkten und Dienstleistungen auf Ihre Pr\u00e4ferenzen zuzuschneiden.<\/li>\n<li>Aluconnect verfolgt Ihr Surfverhalten auf verschiedenen Websites, damit wir unsere Produkte und Dienstleistungen auf Ihre Bed\u00fcrfnisse abstimmen k\u00f6nnen.<\/li>\n<li>Aluconnect verarbeitet auch personenbezogene Daten, wenn wir gesetzlich dazu verpflichtet sind, wie z. B. Daten, die wir f\u00fcr unsere Steuererkl\u00e4rung ben\u00f6tigen.<\/li>\n<\/ul>\n<p style=\"text-align: left;\"><strong>Automatisierte Entscheidungsfindung<\/strong><\/p>\n<p style=\"text-align: left;\">Aluconnect trifft keine Entscheidungen \u00fcber Angelegenheiten, die den Einzelnen (erheblich) beeintr\u00e4chtigen k\u00f6nnten, auf der Grundlage einer automatisierten Verarbeitung. Dabei handelt es sich um Entscheidungen, die von Computerprogrammen oder -systemen getroffen werden, ohne dass ein Mensch (z. B. ein Mitarbeiter von Aluconnect) daran beteiligt ist.<\/p>\n<p style=\"text-align: left;\"><strong>Wie lange wir personenbezogene Daten aufbewahren<\/strong><\/p>\n<p style=\"text-align: left;\">Aluconnect bewahrt Ihre personenbezogenen Daten nur so lange auf, wie es f\u00fcr die Erf\u00fcllung der Zwecke, f\u00fcr die Ihre Daten erhoben wurden, unbedingt erforderlich ist. F\u00fcr die folgenden personenbezogenen Daten gelten die folgenden Aufbewahrungsfristen: 7 Jahre<\/p>\n<p style=\"text-align: left;\"><strong>Weitergabe personenbezogener Daten an Dritte<\/strong><\/p>\n<p style=\"text-align: left;\">Aluconnect verkauft Ihre Daten nicht an Dritte und gibt sie nur weiter, wenn dies f\u00fcr die Erf\u00fcllung unseres Vertrags mit Ihnen oder zur Erf\u00fcllung einer gesetzlichen Verpflichtung erforderlich ist. Mit Unternehmen, die Ihre Daten in unserem Auftrag verarbeiten, schlie\u00dfen wir einen Auftragsverarbeitungsvertrag ab, um das gleiche Niveau an Sicherheit und Vertraulichkeit Ihrer Daten zu gew\u00e4hrleisten. Aluconnect bleibt f\u00fcr diese Verarbeitung verantwortlich.<\/p>\n<p style=\"text-align: left;\"><strong>Cookies oder \u00e4hnliche Techniken, die wir verwenden<\/strong><\/p>\n<p style=\"text-align: left;\">Aluconnect verwendet nur technische und funktionelle Cookies. und analytische Cookies, die nicht in Ihre Privatsph\u00e4re eindringen. Ein Cookie ist eine kleine Textdatei, die auf Ihrem Computer, Tablet oder Smartphone gespeichert wird, wenn Sie diese Website zum ersten Mal besuchen. Die von uns verwendeten Cookies sind f\u00fcr den technischen Betrieb der Website und Ihre Benutzerfreundlichkeit notwendig. Sie sorgen daf\u00fcr, dass die Website ordnungsgem\u00e4\u00df funktioniert und merken sich zum Beispiel Ihre Pr\u00e4ferenzen. Es erm\u00f6glicht uns auch, unsere Website zu optimieren. Sie k\u00f6nnen die Verwendung von Cookies ablehnen, indem Sie Ihren Internet-Browser so einstellen, dass keine Cookies mehr gespeichert werden. Dar\u00fcber hinaus k\u00f6nnen Sie \u00fcber die Einstellungen Ihres Browsers alle zuvor gespeicherten Informationen l\u00f6schen.<\/p>\n<p style=\"text-align: left;\"><strong>Daten ansehen, \u00e4ndern oder l\u00f6schen<\/strong><\/p>\n<p style=\"text-align: left;\">Sie haben das Recht auf Zugang, Berichtigung oder L\u00f6schung Ihrer personenbezogenen Daten. Dar\u00fcber hinaus haben Sie das Recht, Ihre eventuelle Einwilligung zur Datenverarbeitung zu widerrufen oder der Verarbeitung Ihrer personenbezogenen Daten durch Aluconnect zu widersprechen, und Sie haben das Recht auf Daten\u00fcbertragbarkeit. Das bedeutet, dass Sie uns auffordern k\u00f6nnen, die personenbezogenen Daten, die wir \u00fcber Sie in einer Computerdatei gespeichert haben, an Sie oder eine andere von Ihnen benannte Organisation zu \u00fcbermitteln. Sie k\u00f6nnen einen Antrag auf Einsichtnahme, Berichtigung, L\u00f6schung, Datenabgleich Ihrer personenbezogenen Daten oder einen Antrag auf Widerruf Ihrer Einwilligung oder Widerspruch gegen die Verarbeitung Ihrer personenbezogenen Daten an {{SITE_EMAIL}}senden. Um sicherzustellen, dass der Antrag auf Zugang von Ihnen stammt, bitten wir Sie, dem Antrag eine Kopie Ihres Personalausweises beizuf\u00fcgen. Schw\u00e4rzen Sie auf dieser Kopie Ihr Passfoto, die MRZ (maschinenlesbare Zone, der Zahlenstreifen am unteren Rand des Passes), die Passnummer und die B\u00fcrgerservicenummer (BSN). Dies dient dem Schutz Ihrer Privatsph\u00e4re. Wir werden Ihren Antrag so schnell wie m\u00f6glich, jedoch innerhalb von vier Wochen, beantworten. Aluconnect m\u00f6chte Sie auch darauf hinweisen, dass Sie die M\u00f6glichkeit haben, bei der nationalen Aufsichtsbeh\u00f6rde, der Beh\u00f6rde f\u00fcr personenbezogene Daten, eine Beschwerde einzureichen. Sie k\u00f6nnen dies \u00fcber den folgenden Link tun: <a href=\"https:\/\/autoriteitpersoonsgegevens.nl\/nl\/contact-met-de-autoriteit-persoonsgegevens\/tip-ons\">https:\/\/autoriteitpersoonsgegevens.nl\/nl\/contact-met-de-autoriteit-persoonsgegevens\/tip-ons<\/a><\/p>\n<p style=\"text-align: left;\"><strong>Wie wir personenbezogene Daten sch\u00fctzen<\/strong><\/p>\n<p style=\"text-align: left;\">Aluconnect nimmt den Schutz Ihrer Daten ernst und ergreift geeignete Ma\u00dfnahmen, um Missbrauch, Verlust, unbefugtem Zugriff, unerw\u00fcnschter Offenlegung und unbefugter \u00c4nderung entgegenzuwirken. Wenn Sie das Gef\u00fchl haben, dass Ihre Daten immer noch nicht sicher sind oder es Anzeichen f\u00fcr einen Missbrauch gibt, wenden Sie sich bitte an uns.<\/p>\n<p>&nbsp;<\/p>\n<p>&nbsp;<\/p>\n                    <\/div>     \n    <\/div>\n<\/section>","protected":false},"excerpt":{"rendered":"","protected":false},"author":1,"featured_media":0,"parent":0,"menu_order":0,"comment_status":"closed","ping_status":"closed","template":"","meta":{"_acf_changed":false,"footnotes":""},"class_list":["post-2690","page","type-page","status-publish","hentry"],"acf":[],"yoast_head":"<!-- This site is optimized with the Yoast SEO plugin v27.3 - https:\/\/yoast.com\/product\/yoast-seo-wordpress\/ -->\n<title>Datenschutzbestimmungen | Aluconnect<\/title>\n<meta name=\"robots\" content=\"index, follow, max-snippet:-1, max-image-preview:large, max-video-preview:-1\" \/>\n<link rel=\"canonical\" href=\"https:\/\/aluconnect.nl\/de\/datenschutzbestimmungen\/\" \/>\n<meta property=\"og:locale\" content=\"de_DE\" \/>\n<meta property=\"og:type\" content=\"article\" \/>\n<meta property=\"og:title\" content=\"Datenschutzbestimmungen | Aluconnect\" \/>\n<meta property=\"og:url\" content=\"https:\/\/aluconnect.nl\/de\/datenschutzbestimmungen\/\" \/>\n<meta property=\"og:site_name\" content=\"Aluconnect\" \/>\n<meta property=\"article:modified_time\" content=\"2024-06-21T08:21:27+00:00\" \/>\n<meta name=\"twitter:card\" content=\"summary_large_image\" \/>\n<script type=\"application\/ld+json\" class=\"yoast-schema-graph\">{\"@context\":\"https:\\\/\\\/schema.org\",\"@graph\":[{\"@type\":\"WebPage\",\"@id\":\"https:\\\/\\\/aluconnect.nl\\\/de\\\/datenschutzbestimmungen\\\/\",\"url\":\"https:\\\/\\\/aluconnect.nl\\\/de\\\/datenschutzbestimmungen\\\/\",\"name\":\"Datenschutzbestimmungen | Aluconnect\",\"isPartOf\":{\"@id\":\"https:\\\/\\\/aluconnect.nl\\\/de\\\/#website\"},\"datePublished\":\"2023-11-23T10:39:35+00:00\",\"dateModified\":\"2024-06-21T08:21:27+00:00\",\"breadcrumb\":{\"@id\":\"https:\\\/\\\/aluconnect.nl\\\/de\\\/datenschutzbestimmungen\\\/#breadcrumb\"},\"inLanguage\":\"de\",\"potentialAction\":[{\"@type\":\"ReadAction\",\"target\":[\"https:\\\/\\\/aluconnect.nl\\\/de\\\/datenschutzbestimmungen\\\/\"]}]},{\"@type\":\"BreadcrumbList\",\"@id\":\"https:\\\/\\\/aluconnect.nl\\\/de\\\/datenschutzbestimmungen\\\/#breadcrumb\",\"itemListElement\":[{\"@type\":\"ListItem\",\"position\":1,\"name\":\"Home\",\"item\":\"https:\\\/\\\/aluconnect.nl\\\/de\\\/\"},{\"@type\":\"ListItem\",\"position\":2,\"name\":\"Datenschutzbestimmungen\"}]},{\"@type\":\"WebSite\",\"@id\":\"https:\\\/\\\/aluconnect.nl\\\/de\\\/#website\",\"url\":\"https:\\\/\\\/aluconnect.nl\\\/de\\\/\",\"name\":\"Aluconnect\",\"description\":\"Aluminium poorten en schuttingen voor de toekomst\",\"publisher\":{\"@id\":\"https:\\\/\\\/aluconnect.nl\\\/de\\\/#organization\"},\"potentialAction\":[{\"@type\":\"SearchAction\",\"target\":{\"@type\":\"EntryPoint\",\"urlTemplate\":\"https:\\\/\\\/aluconnect.nl\\\/de\\\/?s={search_term_string}\"},\"query-input\":{\"@type\":\"PropertyValueSpecification\",\"valueRequired\":true,\"valueName\":\"search_term_string\"}}],\"inLanguage\":\"de\"},{\"@type\":\"Organization\",\"@id\":\"https:\\\/\\\/aluconnect.nl\\\/de\\\/#organization\",\"name\":\"Aluconnect\",\"url\":\"https:\\\/\\\/aluconnect.nl\\\/de\\\/\",\"logo\":{\"@type\":\"ImageObject\",\"inLanguage\":\"de\",\"@id\":\"https:\\\/\\\/aluconnect.nl\\\/de\\\/#\\\/schema\\\/logo\\\/image\\\/\",\"url\":\"https:\\\/\\\/aluconnect.nl\\\/wp-content\\\/uploads\\\/2022\\\/11\\\/logo-kleur.svg\",\"contentUrl\":\"https:\\\/\\\/aluconnect.nl\\\/wp-content\\\/uploads\\\/2022\\\/11\\\/logo-kleur.svg\",\"width\":1,\"height\":1,\"caption\":\"Aluconnect\"},\"image\":{\"@id\":\"https:\\\/\\\/aluconnect.nl\\\/de\\\/#\\\/schema\\\/logo\\\/image\\\/\"}}]}<\/script>\n<!-- \/ Yoast SEO plugin. -->","yoast_head_json":{"title":"Datenschutzbestimmungen | Aluconnect","robots":{"index":"index","follow":"follow","max-snippet":"max-snippet:-1","max-image-preview":"max-image-preview:large","max-video-preview":"max-video-preview:-1"},"canonical":"https:\/\/aluconnect.nl\/de\/datenschutzbestimmungen\/","og_locale":"de_DE","og_type":"article","og_title":"Datenschutzbestimmungen | Aluconnect","og_url":"https:\/\/aluconnect.nl\/de\/datenschutzbestimmungen\/","og_site_name":"Aluconnect","article_modified_time":"2024-06-21T08:21:27+00:00","twitter_card":"summary_large_image","schema":{"@context":"https:\/\/schema.org","@graph":[{"@type":"WebPage","@id":"https:\/\/aluconnect.nl\/de\/datenschutzbestimmungen\/","url":"https:\/\/aluconnect.nl\/de\/datenschutzbestimmungen\/","name":"Datenschutzbestimmungen | Aluconnect","isPartOf":{"@id":"https:\/\/aluconnect.nl\/de\/#website"},"datePublished":"2023-11-23T10:39:35+00:00","dateModified":"2024-06-21T08:21:27+00:00","breadcrumb":{"@id":"https:\/\/aluconnect.nl\/de\/datenschutzbestimmungen\/#breadcrumb"},"inLanguage":"de","potentialAction":[{"@type":"ReadAction","target":["https:\/\/aluconnect.nl\/de\/datenschutzbestimmungen\/"]}]},{"@type":"BreadcrumbList","@id":"https:\/\/aluconnect.nl\/de\/datenschutzbestimmungen\/#breadcrumb","itemListElement":[{"@type":"ListItem","position":1,"name":"Home","item":"https:\/\/aluconnect.nl\/de\/"},{"@type":"ListItem","position":2,"name":"Datenschutzbestimmungen"}]},{"@type":"WebSite","@id":"https:\/\/aluconnect.nl\/de\/#website","url":"https:\/\/aluconnect.nl\/de\/","name":"Aluconnect","description":"Aluminium poorten en schuttingen voor de toekomst","publisher":{"@id":"https:\/\/aluconnect.nl\/de\/#organization"},"potentialAction":[{"@type":"SearchAction","target":{"@type":"EntryPoint","urlTemplate":"https:\/\/aluconnect.nl\/de\/?s={search_term_string}"},"query-input":{"@type":"PropertyValueSpecification","valueRequired":true,"valueName":"search_term_string"}}],"inLanguage":"de"},{"@type":"Organization","@id":"https:\/\/aluconnect.nl\/de\/#organization","name":"Aluconnect","url":"https:\/\/aluconnect.nl\/de\/","logo":{"@type":"ImageObject","inLanguage":"de","@id":"https:\/\/aluconnect.nl\/de\/#\/schema\/logo\/image\/","url":"https:\/\/aluconnect.nl\/wp-content\/uploads\/2022\/11\/logo-kleur.svg","contentUrl":"https:\/\/aluconnect.nl\/wp-content\/uploads\/2022\/11\/logo-kleur.svg","width":1,"height":1,"caption":"Aluconnect"},"image":{"@id":"https:\/\/aluconnect.nl\/de\/#\/schema\/logo\/image\/"}}]}},"_links":{"self":[{"href":"https:\/\/aluconnect.nl\/de\/wp-json\/wp\/v2\/pages\/2690","targetHints":{"allow":["GET"]}}],"collection":[{"href":"https:\/\/aluconnect.nl\/de\/wp-json\/wp\/v2\/pages"}],"about":[{"href":"https:\/\/aluconnect.nl\/de\/wp-json\/wp\/v2\/types\/page"}],"author":[{"embeddable":true,"href":"https:\/\/aluconnect.nl\/de\/wp-json\/wp\/v2\/users\/1"}],"replies":[{"embeddable":true,"href":"https:\/\/aluconnect.nl\/de\/wp-json\/wp\/v2\/comments?post=2690"}],"version-history":[{"count":1,"href":"https:\/\/aluconnect.nl\/de\/wp-json\/wp\/v2\/pages\/2690\/revisions"}],"predecessor-version":[{"id":2691,"href":"https:\/\/aluconnect.nl\/de\/wp-json\/wp\/v2\/pages\/2690\/revisions\/2691"}],"wp:attachment":[{"href":"https:\/\/aluconnect.nl\/de\/wp-json\/wp\/v2\/media?parent=2690"}],"curies":[{"name":"wp","href":"https:\/\/api.w.org\/{rel}","templated":true}]}}