{"id":2611,"date":"2022-12-16T15:49:25","date_gmt":"2022-12-16T14:49:25","guid":{"rendered":"https:\/\/aluconnect.nl\/automatisierung-schiebetor\/"},"modified":"2024-07-24T08:26:06","modified_gmt":"2024-07-24T07:26:06","slug":"automatisierung-schiebetor","status":"publish","type":"page","link":"https:\/\/aluconnect.nl\/de\/automatisierung-schiebetor\/","title":{"rendered":"Automatisierung Schiebetor"},"content":{"rendered":"<section class=\"wpb-header__1 wpb-bg-color--accent-1 has-img wpb-bg-color--accent-1\" style=\"background-image: url(https:\/\/aluconnect.nl\/wp-content\/uploads\/2022\/12\/Levi-80H_Camera_Vooraanzicht.png);\">\n    <div class=\"container\">\n        <div class=\"inner\">\n                            <h1>Unsichtbare Automatisierung<\/h1>\n<p>&nbsp;<\/p>\n<h3>\u00c4sthetisch, flexibel, zuverl\u00e4ssig &amp; sicher!<\/h3>\n                    <\/div>  \n    <\/div>\n<\/section>\n\n<section class=\"wpb-text wpb-bg-color--transparant wpb-whitespace--none wpb-block_1076bfda1d77ca4a153471bf38fed714\" id=\"wpb-block_1076bfda1d77ca4a153471bf38fed714\">\n    <div class=\"container\">\n        <div class=\"inner\">\n            <h1><strong><span style=\"color: #e94e18;\" data-darkreader-inline-color=\"\">\u00c4sthetisch, flexibel, zuverl\u00e4ssig &amp; sicher!<\/span><\/strong><\/h1>\n<p>&nbsp;<\/p>\n<p style=\"text-align: left;\">Der Schiebetorantrieb Aluconnect zeichnet sich dadurch aus, dass die Automatisierung unsichtbar in den modernen Design-F\u00fchrungspfosten des Schiebetors integriert ist.<\/p>\n<p style=\"text-align: left;\">Pfostenantriebe sind seit Jahrzehnten DIE genialen Torantriebe f\u00fcr den anspruchsvollen Einsatz im privaten und gewerblichen Bereich.<\/p>\n<p style=\"text-align: left;\">Aluconnect hat f\u00fcr sein Schiebetor eine Antriebspfoste mit einer Gr\u00f6\u00dfe von 250x180mm entwickelt, die eine optimale Stabilit\u00e4t gew\u00e4hrleistet und gen\u00fcgend Platz f\u00fcr die Installation von Zubeh\u00f6rger\u00e4ten bietet. Auf der Baustelle m\u00fcssen nur 230 Volt angeschlossen werden. Alle Komfortfunktionen wie Laufruhe, Sichlie\u00dfautomatiek etc. lassen sich \u00fcber die intergrierte Motorsteurung einstellen.<\/p>\n<p>&nbsp;<\/p>\n<h6 style=\"text-align: left;\">Die Vorteile des Pfostenantriebs:<\/h6>\n<ul>\n<li style=\"text-align: left;\">Keine sichtbare Antriebstechnik.<\/li>\n<li style=\"text-align: left;\">Stecker einstecken, Start- und Endpunkt festlegen, Test\u00f6ffnung durchf\u00fchren, Handsender einlesen und schon ist das Schiebetor einsatzbereit.<\/li>\n<li style=\"text-align: left;\">Erhebliche Einsparungen bei der Montagezeit.<\/li>\n<li style=\"text-align: left;\">Alle notwendigen Sicherheits- und Schutzelemente sind im Pfostenantrieb integriert.<\/li>\n<li style=\"text-align: left;\">180T mit einer Geschwindigkeit von 18cm pro Sekunde.<\/li>\n<li style=\"text-align: left;\">250T mit einer Geschwindigkeit von 25cm pro Sekunde.<\/li>\n<li style=\"text-align: left;\">500T Speed mit einer Geschwindigkeit von 50cm pro Sekunde. <em>(Nur bei der industrie Schiebetor Linie erh\u00e4ltlich)<\/em><\/li>\n<\/ul>\n                    <\/div>     \n    <\/div>\n<\/section>\n\n<section class=\"wpb--tekst-media wpb-block_041ea78b1bec2db1bd2dd5441d0992b4 wpb-bg-color--wei\u00df-grau wpb-whitespace--\" id=\"wpb-block_041ea78b1bec2db1bd2dd5441d0992b4\">\n    <div class=\"inner wpb-align-left\">\n                    <div class=\"block media wpb-align-left\">\n                <img decoding=\"async\" width=\"100%\" height=\"100%\" src=\"https:\/\/aluconnect.nl\/wp-content\/uploads\/2022\/12\/Levi-80H_Camera_Vooraanzicht-1-e1671203040661.png\" alt=\"\"\/>            <\/div>\n                            <div class=\"block content wpb-bg-color--white wpb-align-left\">\n                                    <h5>Der Aluconnect Schiebetorantrieb wurde gema\u00df der europ\u00e4ischen Norm EN13241: 2003 + A2: 2016 entwickelt. Die Allgemeine Typpr\u00fcfung wurde vom KIWA Nederland B.V. durchgef\u00fchrt.<br \/>\nDer Schiebetorantrieb erf\u00fcllt somit alle wesentlichen europ\u00e4ischen<br \/>\nSicherheits-, Gesundheits- und Umweltschutzanforderungen, die an der Antrieb gestellt werden, was durch die CE-Kennzeichnung am Antrieb sichtbar ist.<\/h5>\n                            <\/div>\n            <\/div>\n<\/section>\n\n<section class=\"wpb-form wpb-bg-color--transparent wpb-whitespace--none wpb-block_88b2e420069d41bfa429f8eee4be679c\" id=\"wpb-block_88b2e420069d41bfa429f8eee4be679c\">\n    <div class=\"container\">\n        <div class=\"inner\">\n            <div class=\"block text\">\n                                   \n            <\/div>     \n            <div class=\"block form\">\n                            <\/div>\n        <\/div>\n    <\/div>\n<\/section>\n\n<section class=\"wpb--tekst-media wpb-block_1aec0cbc6ae87f42059653c4b691600a wpb-bg-color--wei\u00df wpb-whitespace--\" id=\"wpb-block_1aec0cbc6ae87f42059653c4b691600a\">\n    <div class=\"inner wpb-align-left\">\n                    <\/div>\n<\/section>\n\n<section class=\"wpb-text wpb-bg-color--white wpb-whitespace--large wpb-block_b08a86567c1d91928195f6896c298ea8\" id=\"wpb-block_b08a86567c1d91928195f6896c298ea8\">\n    <div class=\"container\">\n        <div class=\"inner\">\n            <h2 style=\"text-align: left;\"><strong><span style=\"color: #e94e18;\" data-darkreader-inline-color=\"\"><img loading=\"lazy\" decoding=\"async\" class=\"alignnone wp-image-2795 size-full\" src=\"https:\/\/aluconnect.nl\/wp-content\/uploads\/2024\/06\/Technische-daten-180T-250T-500T.png\" alt=\"\" width=\"704\" height=\"879\" srcset=\"https:\/\/aluconnect.nl\/wp-content\/uploads\/2024\/06\/Technische-daten-180T-250T-500T.png 704w, https:\/\/aluconnect.nl\/wp-content\/uploads\/2024\/06\/Technische-daten-180T-250T-500T-240x300.png 240w\" sizes=\"auto, (max-width: 704px) 100vw, 704px\" \/><\/span><\/strong><\/h2>\n<p>&nbsp;<\/p>\n<ul>\n<li style=\"text-align: left;\"><em>Der Antrieb 500T ist nur bei der industrie Schiebetor Linie erh\u00e4ltlich<\/em><\/li>\n<\/ul>\n                    <\/div>     \n    <\/div>\n<\/section>\n\n<section class=\"wpb-text wpb-bg-color--white wpb-whitespace--small wpb-block_cd029f37fe2b1056943c168525c9b07d\" id=\"wpb-block_cd029f37fe2b1056943c168525c9b07d\">\n    <div class=\"container\">\n        <div class=\"inner\">\n            <h2 style=\"text-align: center;\">Videoanzeige der Torgeschwindigkeiten<\/h2>\n                    <\/div>     \n    <\/div>\n<\/section>\n\n<section class=\"wpb--tekst-media wpb-block_fc6f2a792ac6c827904b62f7ddfa4933 wpb-bg-color--white wpb-whitespace--\" id=\"wpb-block_fc6f2a792ac6c827904b62f7ddfa4933\">\n    <div class=\"inner wpb-align-left\">\n                            <div class=\"block content wpb-bg-color--white wpb-align-left\">\n                                    <div style=\"width: 1920px;\" class=\"wp-video\"><video class=\"wp-video-shortcode\" id=\"video-2611-1\" width=\"1920\" height=\"1080\" preload=\"metadata\" controls=\"controls\"><source type=\"video\/mp4\" src=\"https:\/\/aluconnect.nl\/wp-content\/uploads\/2024\/07\/2024_Aluconnect_Poortvideo_Aluconnect_vormgeving_Final_1080p-1080p.mp4?_=1\" \/><a href=\"https:\/\/aluconnect.nl\/wp-content\/uploads\/2024\/07\/2024_Aluconnect_Poortvideo_Aluconnect_vormgeving_Final_1080p-1080p.mp4\">https:\/\/aluconnect.nl\/wp-content\/uploads\/2024\/07\/2024_Aluconnect_Poortvideo_Aluconnect_vormgeving_Final_1080p-1080p.mp4<\/a><\/video><\/div>\n                            <\/div>\n            <\/div>\n<\/section>","protected":false},"excerpt":{"rendered":"","protected":false},"author":2,"featured_media":0,"parent":0,"menu_order":0,"comment_status":"closed","ping_status":"closed","template":"","meta":{"_acf_changed":false,"footnotes":""},"class_list":["post-2611","page","type-page","status-publish","hentry"],"acf":[],"yoast_head":"<!-- This site is optimized with the Yoast SEO plugin v27.5 - https:\/\/yoast.com\/product\/yoast-seo-wordpress\/ -->\n<title>Automatisierung Schiebetor | Aluconnect<\/title>\n<meta name=\"robots\" content=\"index, follow, max-snippet:-1, max-image-preview:large, max-video-preview:-1\" \/>\n<link rel=\"canonical\" href=\"https:\/\/aluconnect.nl\/de\/automatisierung-schiebetor\/\" \/>\n<meta property=\"og:locale\" content=\"de_DE\" \/>\n<meta property=\"og:type\" content=\"article\" \/>\n<meta property=\"og:title\" content=\"Automatisierung Schiebetor | Aluconnect\" \/>\n<meta property=\"og:url\" content=\"https:\/\/aluconnect.nl\/de\/automatisierung-schiebetor\/\" \/>\n<meta property=\"og:site_name\" content=\"Aluconnect\" \/>\n<meta property=\"article:modified_time\" content=\"2024-07-24T07:26:06+00:00\" \/>\n<meta name=\"twitter:card\" content=\"summary_large_image\" \/>\n<script type=\"application\/ld+json\" class=\"yoast-schema-graph\">{\"@context\":\"https:\\\/\\\/schema.org\",\"@graph\":[{\"@type\":\"WebPage\",\"@id\":\"https:\\\/\\\/aluconnect.nl\\\/de\\\/automatisierung-schiebetor\\\/\",\"url\":\"https:\\\/\\\/aluconnect.nl\\\/de\\\/automatisierung-schiebetor\\\/\",\"name\":\"Automatisierung Schiebetor | Aluconnect\",\"isPartOf\":{\"@id\":\"https:\\\/\\\/aluconnect.nl\\\/de\\\/#website\"},\"datePublished\":\"2022-12-16T14:49:25+00:00\",\"dateModified\":\"2024-07-24T07:26:06+00:00\",\"breadcrumb\":{\"@id\":\"https:\\\/\\\/aluconnect.nl\\\/de\\\/automatisierung-schiebetor\\\/#breadcrumb\"},\"inLanguage\":\"de\",\"potentialAction\":[{\"@type\":\"ReadAction\",\"target\":[\"https:\\\/\\\/aluconnect.nl\\\/de\\\/automatisierung-schiebetor\\\/\"]}]},{\"@type\":\"BreadcrumbList\",\"@id\":\"https:\\\/\\\/aluconnect.nl\\\/de\\\/automatisierung-schiebetor\\\/#breadcrumb\",\"itemListElement\":[{\"@type\":\"ListItem\",\"position\":1,\"name\":\"Home\",\"item\":\"https:\\\/\\\/aluconnect.nl\\\/de\\\/\"},{\"@type\":\"ListItem\",\"position\":2,\"name\":\"Automatisierung Schiebetor\"}]},{\"@type\":\"WebSite\",\"@id\":\"https:\\\/\\\/aluconnect.nl\\\/de\\\/#website\",\"url\":\"https:\\\/\\\/aluconnect.nl\\\/de\\\/\",\"name\":\"Aluconnect\",\"description\":\"Aluminium poorten en schuttingen voor de toekomst\",\"publisher\":{\"@id\":\"https:\\\/\\\/aluconnect.nl\\\/de\\\/#organization\"},\"potentialAction\":[{\"@type\":\"SearchAction\",\"target\":{\"@type\":\"EntryPoint\",\"urlTemplate\":\"https:\\\/\\\/aluconnect.nl\\\/de\\\/?s={search_term_string}\"},\"query-input\":{\"@type\":\"PropertyValueSpecification\",\"valueRequired\":true,\"valueName\":\"search_term_string\"}}],\"inLanguage\":\"de\"},{\"@type\":\"Organization\",\"@id\":\"https:\\\/\\\/aluconnect.nl\\\/de\\\/#organization\",\"name\":\"Aluconnect\",\"url\":\"https:\\\/\\\/aluconnect.nl\\\/de\\\/\",\"logo\":{\"@type\":\"ImageObject\",\"inLanguage\":\"de\",\"@id\":\"https:\\\/\\\/aluconnect.nl\\\/de\\\/#\\\/schema\\\/logo\\\/image\\\/\",\"url\":\"https:\\\/\\\/aluconnect.nl\\\/wp-content\\\/uploads\\\/2022\\\/11\\\/logo-kleur.svg\",\"contentUrl\":\"https:\\\/\\\/aluconnect.nl\\\/wp-content\\\/uploads\\\/2022\\\/11\\\/logo-kleur.svg\",\"width\":1,\"height\":1,\"caption\":\"Aluconnect\"},\"image\":{\"@id\":\"https:\\\/\\\/aluconnect.nl\\\/de\\\/#\\\/schema\\\/logo\\\/image\\\/\"}}]}<\/script>\n<!-- \/ Yoast SEO plugin. -->","yoast_head_json":{"title":"Automatisierung Schiebetor | Aluconnect","robots":{"index":"index","follow":"follow","max-snippet":"max-snippet:-1","max-image-preview":"max-image-preview:large","max-video-preview":"max-video-preview:-1"},"canonical":"https:\/\/aluconnect.nl\/de\/automatisierung-schiebetor\/","og_locale":"de_DE","og_type":"article","og_title":"Automatisierung Schiebetor | Aluconnect","og_url":"https:\/\/aluconnect.nl\/de\/automatisierung-schiebetor\/","og_site_name":"Aluconnect","article_modified_time":"2024-07-24T07:26:06+00:00","twitter_card":"summary_large_image","schema":{"@context":"https:\/\/schema.org","@graph":[{"@type":"WebPage","@id":"https:\/\/aluconnect.nl\/de\/automatisierung-schiebetor\/","url":"https:\/\/aluconnect.nl\/de\/automatisierung-schiebetor\/","name":"Automatisierung Schiebetor | Aluconnect","isPartOf":{"@id":"https:\/\/aluconnect.nl\/de\/#website"},"datePublished":"2022-12-16T14:49:25+00:00","dateModified":"2024-07-24T07:26:06+00:00","breadcrumb":{"@id":"https:\/\/aluconnect.nl\/de\/automatisierung-schiebetor\/#breadcrumb"},"inLanguage":"de","potentialAction":[{"@type":"ReadAction","target":["https:\/\/aluconnect.nl\/de\/automatisierung-schiebetor\/"]}]},{"@type":"BreadcrumbList","@id":"https:\/\/aluconnect.nl\/de\/automatisierung-schiebetor\/#breadcrumb","itemListElement":[{"@type":"ListItem","position":1,"name":"Home","item":"https:\/\/aluconnect.nl\/de\/"},{"@type":"ListItem","position":2,"name":"Automatisierung Schiebetor"}]},{"@type":"WebSite","@id":"https:\/\/aluconnect.nl\/de\/#website","url":"https:\/\/aluconnect.nl\/de\/","name":"Aluconnect","description":"Aluminium poorten en schuttingen voor de toekomst","publisher":{"@id":"https:\/\/aluconnect.nl\/de\/#organization"},"potentialAction":[{"@type":"SearchAction","target":{"@type":"EntryPoint","urlTemplate":"https:\/\/aluconnect.nl\/de\/?s={search_term_string}"},"query-input":{"@type":"PropertyValueSpecification","valueRequired":true,"valueName":"search_term_string"}}],"inLanguage":"de"},{"@type":"Organization","@id":"https:\/\/aluconnect.nl\/de\/#organization","name":"Aluconnect","url":"https:\/\/aluconnect.nl\/de\/","logo":{"@type":"ImageObject","inLanguage":"de","@id":"https:\/\/aluconnect.nl\/de\/#\/schema\/logo\/image\/","url":"https:\/\/aluconnect.nl\/wp-content\/uploads\/2022\/11\/logo-kleur.svg","contentUrl":"https:\/\/aluconnect.nl\/wp-content\/uploads\/2022\/11\/logo-kleur.svg","width":1,"height":1,"caption":"Aluconnect"},"image":{"@id":"https:\/\/aluconnect.nl\/de\/#\/schema\/logo\/image\/"}}]}},"_links":{"self":[{"href":"https:\/\/aluconnect.nl\/de\/wp-json\/wp\/v2\/pages\/2611","targetHints":{"allow":["GET"]}}],"collection":[{"href":"https:\/\/aluconnect.nl\/de\/wp-json\/wp\/v2\/pages"}],"about":[{"href":"https:\/\/aluconnect.nl\/de\/wp-json\/wp\/v2\/types\/page"}],"author":[{"embeddable":true,"href":"https:\/\/aluconnect.nl\/de\/wp-json\/wp\/v2\/users\/2"}],"replies":[{"embeddable":true,"href":"https:\/\/aluconnect.nl\/de\/wp-json\/wp\/v2\/comments?post=2611"}],"version-history":[{"count":8,"href":"https:\/\/aluconnect.nl\/de\/wp-json\/wp\/v2\/pages\/2611\/revisions"}],"predecessor-version":[{"id":2947,"href":"https:\/\/aluconnect.nl\/de\/wp-json\/wp\/v2\/pages\/2611\/revisions\/2947"}],"wp:attachment":[{"href":"https:\/\/aluconnect.nl\/de\/wp-json\/wp\/v2\/media?parent=2611"}],"curies":[{"name":"wp","href":"https:\/\/api.w.org\/{rel}","templated":true}]}}