{"id":1794,"date":"2023-02-20T11:29:13","date_gmt":"2023-02-20T10:29:13","guid":{"rendered":"https:\/\/aluconnect.nl\/over-ons\/"},"modified":"2024-06-21T06:47:51","modified_gmt":"2024-06-21T05:47:51","slug":"uber-uns","status":"publish","type":"page","link":"https:\/\/aluconnect.nl\/de\/uber-uns\/","title":{"rendered":"\u00dcber uns"},"content":{"rendered":"<section class=\"wpb-header__1 wpb-bg-color--accent-1 has-img wpb-bg-color--accent-1\" style=\"background-image: url(https:\/\/aluconnect.nl\/wp-content\/uploads\/2023\/10\/Kopie-van-1RU_8994-Verbeterd-NR-scaled.jpg);\">\n    <div class=\"container\">\n        <div class=\"inner\">\n                            <h1>\u00dcber <em>uns<\/em><\/h1>\n                    <\/div>  \n    <\/div>\n<\/section>\n\n<section class=\"wpb-header__1 wpb-bg-color--accent-1  wpb-bg-color--accent-1\" style=\"background-image: url();\">\n    <div class=\"container\">\n        <div class=\"inner\">\n                            <h2>Innovation und Passion<\/h2>\n<p>&nbsp;<\/p>\n<p>Wir glauben an die unendlichen M\u00f6glichkeiten des Zusammenwirkens von Aluminium und Gel\u00e4ndesicherheit.<\/p>\n                    <\/div>  \n    <\/div>\n<\/section>\n\n<section class=\"wpb-text wpb-bg-color--white wpb-whitespace--medium wpb-block_42c8a83ee0b8b873f2aa4204d169cd38\" id=\"wpb-block_42c8a83ee0b8b873f2aa4204d169cd38\">\n    <div class=\"container\">\n        <div class=\"inner\">\n            <p style=\"text-align: left;\">Aluconnect ist ein Hersteller von Aluminiumtoren und -z\u00e4unen, die sich f\u00fcr jede Umgebung eignen. Mit einer kompletten Produktpalette und eigenen Produktionsanlagen haben wir Z\u00e4une und Tore entwickelt, die ein perfektes Gleichgewicht zwischen Zug\u00e4nglichkeit und Sicherheit bieten.<\/p>\n<p>&nbsp;<\/p>\n<p style=\"text-align: center;\">Wir bei Aluconnect erkennen den Wert unserer Produkte f\u00fcr unsere Kunden, sowohl B2B als auch B2C. Wir bieten nicht nur Gel\u00e4ndesicherheit, sondern auch Z\u00e4une und Tore die perfekt in das Lebensumfeld unserer Endkunden passen.<\/p>\n                            <a class=\"btn outline\" href=\"\/de\/produkte\/\">Produkte<\/a> \n                    <\/div>     \n    <\/div>\n<\/section>\n\n<section class=\"wpb--tekst-media wpb-block_9a6773b75ec10212e44e1cfb1090716d wpb-bg-color--white-to-gray wpb-whitespace--\" id=\"wpb-block_9a6773b75ec10212e44e1cfb1090716d\">\n    <div class=\"inner wpb-align-left\">\n                    <div class=\"block media wpb-align-left\">\n                <img decoding=\"async\" width=\"100%\" height=\"100%\" src=\"https:\/\/aluconnect.nl\/wp-content\/uploads\/2023\/10\/Kopie-van-1RU_9627-Verbeterd-NR-scaled.jpg\" alt=\"\"\/>            <\/div>\n                            <div class=\"block content wpb-bg-color--white wpb-align-left\">\n                                    <h2>Unser Auftrag<\/h2>\n<p>Durch Innovation, Wissensaustausch und Partnerschaften bleiben wir an der Spitze der Entwicklung von Aluminiumtoren, -z\u00e4unen und -Gel\u00e4ndesicherheit, mit einem Auge f\u00fcr Design und exzellenten Service.<\/p>\n<p>Wir treffen wissensbasierte Entscheidungen und bringen die Technologie in praktische Anwendungen ein, die f\u00fcr den Endverbraucher optimal funktionieren.<\/p>\n                            <\/div>\n            <\/div>\n<\/section>\n\n<section class=\"wpb--tekst-media wpb-block_00af080331c49c4af1e1bf8f5cb4e9d9 wpb-bg-color--gray wpb-whitespace--\" id=\"wpb-block_00af080331c49c4af1e1bf8f5cb4e9d9\">\n    <div class=\"inner wpb-align-right\">\n                    <div class=\"block media wpb-align-right\">\n                <img decoding=\"async\" width=\"100%\" height=\"100%\" src=\"https:\/\/aluconnect.nl\/wp-content\/uploads\/2023\/10\/Kopie-van-1RU_9385-Verbeterd-NR-scaled.jpg\" alt=\"\"\/>            <\/div>\n                            <div class=\"block content wpb-bg-color--white wpb-align-right\">\n                                    <h2>Zusammenarbeit &amp; dauerhafte Innovation<\/h2>\n<p>Gemeinsam arbeiten, um gemeinsam zu wachsen, das ist unser Kern! So sehen wir unsere Mitarbeiter, Partner und Vertreter. Wir h\u00f6ren einander zu, lernen voneinander und so entwickeln wir das beste Produkt f\u00fcr unsere Kunden.<\/p>\n<p>Unsere Prozesse sind optimiert. Wir bem\u00fchen uns weiterhin um eine umweltfreundliche Produktion unserer Z\u00e4une und Tore. Das Gleichgewicht zwischen Effizienz und Dauerhaftigkeit sorgt f\u00fcr innovative Prozesse.<\/p>\n                            <\/div>\n            <\/div>\n<\/section>","protected":false},"excerpt":{"rendered":"","protected":false},"author":2,"featured_media":0,"parent":0,"menu_order":0,"comment_status":"closed","ping_status":"closed","template":"","meta":{"_acf_changed":false,"footnotes":""},"class_list":["post-1794","page","type-page","status-publish","hentry"],"acf":[],"yoast_head":"<!-- This site is optimized with the Yoast SEO plugin v27.3 - https:\/\/yoast.com\/product\/yoast-seo-wordpress\/ -->\n<title>\u00dcber uns | Aluconnect<\/title>\n<meta name=\"robots\" content=\"index, follow, max-snippet:-1, max-image-preview:large, max-video-preview:-1\" \/>\n<link rel=\"canonical\" href=\"https:\/\/aluconnect.nl\/de\/uber-uns\/\" \/>\n<meta property=\"og:locale\" content=\"de_DE\" \/>\n<meta property=\"og:type\" content=\"article\" \/>\n<meta property=\"og:title\" content=\"\u00dcber uns | Aluconnect\" \/>\n<meta property=\"og:url\" content=\"https:\/\/aluconnect.nl\/de\/uber-uns\/\" \/>\n<meta property=\"og:site_name\" content=\"Aluconnect\" \/>\n<meta property=\"article:modified_time\" content=\"2024-06-21T05:47:51+00:00\" \/>\n<meta name=\"twitter:card\" content=\"summary_large_image\" \/>\n<script type=\"application\/ld+json\" class=\"yoast-schema-graph\">{\"@context\":\"https:\\\/\\\/schema.org\",\"@graph\":[{\"@type\":\"WebPage\",\"@id\":\"https:\\\/\\\/aluconnect.nl\\\/de\\\/uber-uns\\\/\",\"url\":\"https:\\\/\\\/aluconnect.nl\\\/de\\\/uber-uns\\\/\",\"name\":\"\u00dcber uns | Aluconnect\",\"isPartOf\":{\"@id\":\"https:\\\/\\\/aluconnect.nl\\\/de\\\/#website\"},\"datePublished\":\"2023-02-20T10:29:13+00:00\",\"dateModified\":\"2024-06-21T05:47:51+00:00\",\"breadcrumb\":{\"@id\":\"https:\\\/\\\/aluconnect.nl\\\/de\\\/uber-uns\\\/#breadcrumb\"},\"inLanguage\":\"de\",\"potentialAction\":[{\"@type\":\"ReadAction\",\"target\":[\"https:\\\/\\\/aluconnect.nl\\\/de\\\/uber-uns\\\/\"]}]},{\"@type\":\"BreadcrumbList\",\"@id\":\"https:\\\/\\\/aluconnect.nl\\\/de\\\/uber-uns\\\/#breadcrumb\",\"itemListElement\":[{\"@type\":\"ListItem\",\"position\":1,\"name\":\"Home\",\"item\":\"https:\\\/\\\/aluconnect.nl\\\/de\\\/\"},{\"@type\":\"ListItem\",\"position\":2,\"name\":\"\u00dcber uns\"}]},{\"@type\":\"WebSite\",\"@id\":\"https:\\\/\\\/aluconnect.nl\\\/de\\\/#website\",\"url\":\"https:\\\/\\\/aluconnect.nl\\\/de\\\/\",\"name\":\"Aluconnect\",\"description\":\"Aluminium poorten en schuttingen voor de toekomst\",\"publisher\":{\"@id\":\"https:\\\/\\\/aluconnect.nl\\\/de\\\/#organization\"},\"potentialAction\":[{\"@type\":\"SearchAction\",\"target\":{\"@type\":\"EntryPoint\",\"urlTemplate\":\"https:\\\/\\\/aluconnect.nl\\\/de\\\/?s={search_term_string}\"},\"query-input\":{\"@type\":\"PropertyValueSpecification\",\"valueRequired\":true,\"valueName\":\"search_term_string\"}}],\"inLanguage\":\"de\"},{\"@type\":\"Organization\",\"@id\":\"https:\\\/\\\/aluconnect.nl\\\/de\\\/#organization\",\"name\":\"Aluconnect\",\"url\":\"https:\\\/\\\/aluconnect.nl\\\/de\\\/\",\"logo\":{\"@type\":\"ImageObject\",\"inLanguage\":\"de\",\"@id\":\"https:\\\/\\\/aluconnect.nl\\\/de\\\/#\\\/schema\\\/logo\\\/image\\\/\",\"url\":\"https:\\\/\\\/aluconnect.nl\\\/wp-content\\\/uploads\\\/2022\\\/11\\\/logo-kleur.svg\",\"contentUrl\":\"https:\\\/\\\/aluconnect.nl\\\/wp-content\\\/uploads\\\/2022\\\/11\\\/logo-kleur.svg\",\"width\":1,\"height\":1,\"caption\":\"Aluconnect\"},\"image\":{\"@id\":\"https:\\\/\\\/aluconnect.nl\\\/de\\\/#\\\/schema\\\/logo\\\/image\\\/\"}}]}<\/script>\n<!-- \/ Yoast SEO plugin. -->","yoast_head_json":{"title":"\u00dcber uns | Aluconnect","robots":{"index":"index","follow":"follow","max-snippet":"max-snippet:-1","max-image-preview":"max-image-preview:large","max-video-preview":"max-video-preview:-1"},"canonical":"https:\/\/aluconnect.nl\/de\/uber-uns\/","og_locale":"de_DE","og_type":"article","og_title":"\u00dcber uns | Aluconnect","og_url":"https:\/\/aluconnect.nl\/de\/uber-uns\/","og_site_name":"Aluconnect","article_modified_time":"2024-06-21T05:47:51+00:00","twitter_card":"summary_large_image","schema":{"@context":"https:\/\/schema.org","@graph":[{"@type":"WebPage","@id":"https:\/\/aluconnect.nl\/de\/uber-uns\/","url":"https:\/\/aluconnect.nl\/de\/uber-uns\/","name":"\u00dcber uns | Aluconnect","isPartOf":{"@id":"https:\/\/aluconnect.nl\/de\/#website"},"datePublished":"2023-02-20T10:29:13+00:00","dateModified":"2024-06-21T05:47:51+00:00","breadcrumb":{"@id":"https:\/\/aluconnect.nl\/de\/uber-uns\/#breadcrumb"},"inLanguage":"de","potentialAction":[{"@type":"ReadAction","target":["https:\/\/aluconnect.nl\/de\/uber-uns\/"]}]},{"@type":"BreadcrumbList","@id":"https:\/\/aluconnect.nl\/de\/uber-uns\/#breadcrumb","itemListElement":[{"@type":"ListItem","position":1,"name":"Home","item":"https:\/\/aluconnect.nl\/de\/"},{"@type":"ListItem","position":2,"name":"\u00dcber uns"}]},{"@type":"WebSite","@id":"https:\/\/aluconnect.nl\/de\/#website","url":"https:\/\/aluconnect.nl\/de\/","name":"Aluconnect","description":"Aluminium poorten en schuttingen voor de toekomst","publisher":{"@id":"https:\/\/aluconnect.nl\/de\/#organization"},"potentialAction":[{"@type":"SearchAction","target":{"@type":"EntryPoint","urlTemplate":"https:\/\/aluconnect.nl\/de\/?s={search_term_string}"},"query-input":{"@type":"PropertyValueSpecification","valueRequired":true,"valueName":"search_term_string"}}],"inLanguage":"de"},{"@type":"Organization","@id":"https:\/\/aluconnect.nl\/de\/#organization","name":"Aluconnect","url":"https:\/\/aluconnect.nl\/de\/","logo":{"@type":"ImageObject","inLanguage":"de","@id":"https:\/\/aluconnect.nl\/de\/#\/schema\/logo\/image\/","url":"https:\/\/aluconnect.nl\/wp-content\/uploads\/2022\/11\/logo-kleur.svg","contentUrl":"https:\/\/aluconnect.nl\/wp-content\/uploads\/2022\/11\/logo-kleur.svg","width":1,"height":1,"caption":"Aluconnect"},"image":{"@id":"https:\/\/aluconnect.nl\/de\/#\/schema\/logo\/image\/"}}]}},"_links":{"self":[{"href":"https:\/\/aluconnect.nl\/de\/wp-json\/wp\/v2\/pages\/1794","targetHints":{"allow":["GET"]}}],"collection":[{"href":"https:\/\/aluconnect.nl\/de\/wp-json\/wp\/v2\/pages"}],"about":[{"href":"https:\/\/aluconnect.nl\/de\/wp-json\/wp\/v2\/types\/page"}],"author":[{"embeddable":true,"href":"https:\/\/aluconnect.nl\/de\/wp-json\/wp\/v2\/users\/2"}],"replies":[{"embeddable":true,"href":"https:\/\/aluconnect.nl\/de\/wp-json\/wp\/v2\/comments?post=1794"}],"version-history":[{"count":11,"href":"https:\/\/aluconnect.nl\/de\/wp-json\/wp\/v2\/pages\/1794\/revisions"}],"predecessor-version":[{"id":2685,"href":"https:\/\/aluconnect.nl\/de\/wp-json\/wp\/v2\/pages\/1794\/revisions\/2685"}],"wp:attachment":[{"href":"https:\/\/aluconnect.nl\/de\/wp-json\/wp\/v2\/media?parent=1794"}],"curies":[{"name":"wp","href":"https:\/\/api.w.org\/{rel}","templated":true}]}}