{"id":1725,"date":"2022-12-16T08:55:38","date_gmt":"2022-12-16T07:55:38","guid":{"rendered":"https:\/\/aluconnect.nl\/automatisierung-fluegeltore\/"},"modified":"2024-07-03T07:44:09","modified_gmt":"2024-07-03T06:44:09","slug":"automatisierung-fluegeltore","status":"publish","type":"page","link":"https:\/\/aluconnect.nl\/de\/automatisierung-fluegeltore\/","title":{"rendered":"Automatisierung Fl\u00fcgeltore"},"content":{"rendered":"<section class=\"wpb-header__1 wpb-bg-color--accent-1 has-img wpb-bg-color--accent-1\" style=\"background-image: url(https:\/\/aluconnect.nl\/wp-content\/uploads\/2022\/12\/kleine-auto-doorsnede-kopie-1-e1671193404701.png);\">\n    <div class=\"container\">\n        <div class=\"inner\">\n                            <h1>Unsichtbare Automatisierung<\/h1>\n<p>&nbsp;<\/p>\n<h3>\u00c4sthetisch, flexibel, zuverl\u00e4ssig &amp; sicher!<\/h3>\n                    <\/div>  \n    <\/div>\n<\/section>\n\n<section class=\"wpb-text wpb-bg-color--white wpb-whitespace--medium wpb-block_14e380af27ee95dc039132d33882afa0\" id=\"wpb-block_14e380af27ee95dc039132d33882afa0\">\n    <div class=\"container\">\n        <div class=\"inner\">\n            <h1><strong><span style=\"color: #e94e18;\" data-darkreader-inline-color=\"\">\u00c4sthetisch, flexibel, zuverl\u00e4ssig &amp; sicher!<\/span><\/strong><\/h1>\n<p style=\"text-align: left;\">Aluconnect hat in Zusammenarbeit mit der Firma Belfox einen Drehtorantrieb entwickelt, der die h\u00f6chste Perfektion in der Drehtortechnick darstellt. Au\u00dferdem ist es m\u00f6glich, den Torfl\u00fcgel von innen und au\u00dfen zu entriegeln.<\/p>\n<p>&nbsp;<\/p>\n<p style=\"text-align: left;\">Der Aluconnect Drehtorantrieb zeichnet sich dadurch aus, dass der Rohrmotor Teil eines speziell entwickelten abgerundeten Scharnierprofils ist, so dass ein Einklemmen oder Einziehen zwischen Torpfosten und Scharnierprofil nicht m\u00f6glich ist.<\/p>\n<p>&nbsp;<\/p>\n<p style=\"text-align: left;\">Rohrmotoren sind seit Jahrzehnten DIE genialen Torantriebe f\u00fcr den anspruchsvollen Einsatz im privaten und gewerblichen Bereich. Dank des spiralf\u00f6rmigen Getriebes arbeitet der Antrieb nahezu ger\u00e4uschlos. Auf der Baustelle m\u00fcssen Sie nur fur einen Anschluss an der 230V sorgen. Alle Komfortfunktionen wie Laufruhe, automatischer Zulauf, etc. lassen sich \u00fcber die intergrierte Motorsteurung einstellen.<\/p>\n<p>&nbsp;<\/p>\n<h6 style=\"text-align: left;\">Vorz\u00fcge des Rohrmotorantriebs:<\/h6>\n<ul>\n<li style=\"text-align: left;\">Keine sichtbare Antriebstechnik.<\/li>\n<li style=\"text-align: left;\">Stecker in die Steckdose, Test\u00f6fnung durchf\u00fchren, Handsender einlesen und schon ist das Drehtor betriebsbereit.<\/li>\n<li style=\"text-align: left;\">Erhebliche Einsparungen bei der Montagezeit.<\/li>\n<li style=\"text-align: left;\">Alle notwendigen Sicherheits- und Schutzelemente sind im Antrieb integriert.<\/li>\n<\/ul>\n<p>&nbsp;<\/p>\n                    <\/div>     \n    <\/div>\n<\/section>\n\n<section class=\"wpb--tekst-media wpb-block_b121ac7dc91ec5c1505ec498585f7582 wpb-bg-color--gray wpb-whitespace--\" id=\"wpb-block_b121ac7dc91ec5c1505ec498585f7582\">\n    <div class=\"inner wpb-align-left\">\n                    <div class=\"block media wpb-align-left\">\n                <img decoding=\"async\" width=\"100%\" height=\"100%\" src=\"https:\/\/aluconnect.nl\/wp-content\/uploads\/2022\/12\/Aluconnect-DUPO-MOTO-3-e1671193677695.png\" alt=\"\"\/>            <\/div>\n                            <div class=\"block content wpb-bg-color--white wpb-align-left\">\n                                    <h5>Der Aluconnect Drehtorantrieb wurde gem\u00e4\u00df der europ\u00e4ischen Norm EN 13241: 2003 + A2: 2016 entwickelt. Die Allgemeine Typpr\u00fcfung wurde vom KIWA Nederland B.V. durchgef\u00fchrt.<\/h5>\n<h5 style=\"text-align: left;\">Der Drehtorantrieb erf\u00fcllt somit alle wesentlichen europ\u00e4ischen Sicherheits-, Gesundheits- und Umweltschutzanforderungen, die an der Antrieb gestellt werden, was durch die CE-Kennzeichnung am Antrieb sichtbar ist.<\/h5>\n                            <\/div>\n            <\/div>\n<\/section>\n\n<section class=\"wpb-text wpb-bg-color--white wpb-whitespace--medium wpb-block_f38d9bbdbe32dfdfc7fd9d4656436c06\" id=\"wpb-block_f38d9bbdbe32dfdfc7fd9d4656436c06\">\n    <div class=\"container\">\n        <div class=\"inner\">\n            <h2 style=\"text-align: center;\"><strong><span style=\"color: #e94e18;\" data-darkreader-inline-color=\"\"><img loading=\"lazy\" decoding=\"async\" class=\"alignnone wp-image-2865 size-large\" src=\"https:\/\/aluconnect.nl\/wp-content\/uploads\/2024\/07\/Phantom-DE-550x1024.jpg\" alt=\"\" width=\"550\" height=\"1024\" srcset=\"https:\/\/aluconnect.nl\/wp-content\/uploads\/2024\/07\/Phantom-DE-550x1024.jpg 550w, https:\/\/aluconnect.nl\/wp-content\/uploads\/2024\/07\/Phantom-DE-161x300.jpg 161w, https:\/\/aluconnect.nl\/wp-content\/uploads\/2024\/07\/Phantom-DE-768x1429.jpg 768w, https:\/\/aluconnect.nl\/wp-content\/uploads\/2024\/07\/Phantom-DE-825x1536.jpg 825w, https:\/\/aluconnect.nl\/wp-content\/uploads\/2024\/07\/Phantom-DE.jpg 959w\" sizes=\"auto, (max-width: 550px) 100vw, 550px\" \/><\/span><\/strong><\/h2>\n<p style=\"text-align: left;\"><strong>Geeignet f\u00fcr:<\/strong><\/p>\n<ul>\n<li style=\"text-align: left;\">Luna, Lara, Luka, Lola und Lucy bis einschlie\u00dflich 2000mm Fl\u00fcgelbreidte.<\/li>\n<li style=\"text-align: left;\">Levi bis einschlie\u00dflich 2500mm Fl\u00fcgelbreidte.<\/li>\n<li style=\"text-align: left;\">Die Mindesth\u00f6he des Tores f\u00fcr die Installation der Automatisierung betr\u00e4gt 1657mm.<\/li>\n<\/ul>\n                    <\/div>     \n    <\/div>\n<\/section>","protected":false},"excerpt":{"rendered":"","protected":false},"author":2,"featured_media":0,"parent":0,"menu_order":0,"comment_status":"closed","ping_status":"closed","template":"","meta":{"_acf_changed":false,"footnotes":""},"class_list":["post-1725","page","type-page","status-publish","hentry"],"acf":[],"yoast_head":"<!-- This site is optimized with the Yoast SEO plugin v27.4 - https:\/\/yoast.com\/product\/yoast-seo-wordpress\/ -->\n<title>Automatisierung Fl\u00fcgeltore | Aluconnect<\/title>\n<meta name=\"robots\" content=\"index, follow, max-snippet:-1, max-image-preview:large, max-video-preview:-1\" \/>\n<link rel=\"canonical\" href=\"https:\/\/aluconnect.nl\/de\/automatisierung-fluegeltore\/\" \/>\n<meta property=\"og:locale\" content=\"de_DE\" \/>\n<meta property=\"og:type\" content=\"article\" \/>\n<meta property=\"og:title\" content=\"Automatisierung Fl\u00fcgeltore | Aluconnect\" \/>\n<meta property=\"og:url\" content=\"https:\/\/aluconnect.nl\/de\/automatisierung-fluegeltore\/\" \/>\n<meta property=\"og:site_name\" content=\"Aluconnect\" \/>\n<meta property=\"article:modified_time\" content=\"2024-07-03T06:44:09+00:00\" \/>\n<meta name=\"twitter:card\" content=\"summary_large_image\" \/>\n<script type=\"application\/ld+json\" class=\"yoast-schema-graph\">{\"@context\":\"https:\\\/\\\/schema.org\",\"@graph\":[{\"@type\":\"WebPage\",\"@id\":\"https:\\\/\\\/aluconnect.nl\\\/de\\\/automatisierung-fluegeltore\\\/\",\"url\":\"https:\\\/\\\/aluconnect.nl\\\/de\\\/automatisierung-fluegeltore\\\/\",\"name\":\"Automatisierung Fl\u00fcgeltore | Aluconnect\",\"isPartOf\":{\"@id\":\"https:\\\/\\\/aluconnect.nl\\\/de\\\/#website\"},\"datePublished\":\"2022-12-16T07:55:38+00:00\",\"dateModified\":\"2024-07-03T06:44:09+00:00\",\"breadcrumb\":{\"@id\":\"https:\\\/\\\/aluconnect.nl\\\/de\\\/automatisierung-fluegeltore\\\/#breadcrumb\"},\"inLanguage\":\"de\",\"potentialAction\":[{\"@type\":\"ReadAction\",\"target\":[\"https:\\\/\\\/aluconnect.nl\\\/de\\\/automatisierung-fluegeltore\\\/\"]}]},{\"@type\":\"BreadcrumbList\",\"@id\":\"https:\\\/\\\/aluconnect.nl\\\/de\\\/automatisierung-fluegeltore\\\/#breadcrumb\",\"itemListElement\":[{\"@type\":\"ListItem\",\"position\":1,\"name\":\"Home\",\"item\":\"https:\\\/\\\/aluconnect.nl\\\/de\\\/\"},{\"@type\":\"ListItem\",\"position\":2,\"name\":\"Automatisierung Fl\u00fcgeltore\"}]},{\"@type\":\"WebSite\",\"@id\":\"https:\\\/\\\/aluconnect.nl\\\/de\\\/#website\",\"url\":\"https:\\\/\\\/aluconnect.nl\\\/de\\\/\",\"name\":\"Aluconnect\",\"description\":\"Aluminium poorten en schuttingen voor de toekomst\",\"publisher\":{\"@id\":\"https:\\\/\\\/aluconnect.nl\\\/de\\\/#organization\"},\"potentialAction\":[{\"@type\":\"SearchAction\",\"target\":{\"@type\":\"EntryPoint\",\"urlTemplate\":\"https:\\\/\\\/aluconnect.nl\\\/de\\\/?s={search_term_string}\"},\"query-input\":{\"@type\":\"PropertyValueSpecification\",\"valueRequired\":true,\"valueName\":\"search_term_string\"}}],\"inLanguage\":\"de\"},{\"@type\":\"Organization\",\"@id\":\"https:\\\/\\\/aluconnect.nl\\\/de\\\/#organization\",\"name\":\"Aluconnect\",\"url\":\"https:\\\/\\\/aluconnect.nl\\\/de\\\/\",\"logo\":{\"@type\":\"ImageObject\",\"inLanguage\":\"de\",\"@id\":\"https:\\\/\\\/aluconnect.nl\\\/de\\\/#\\\/schema\\\/logo\\\/image\\\/\",\"url\":\"https:\\\/\\\/aluconnect.nl\\\/wp-content\\\/uploads\\\/2022\\\/11\\\/logo-kleur.svg\",\"contentUrl\":\"https:\\\/\\\/aluconnect.nl\\\/wp-content\\\/uploads\\\/2022\\\/11\\\/logo-kleur.svg\",\"width\":1,\"height\":1,\"caption\":\"Aluconnect\"},\"image\":{\"@id\":\"https:\\\/\\\/aluconnect.nl\\\/de\\\/#\\\/schema\\\/logo\\\/image\\\/\"}}]}<\/script>\n<!-- \/ Yoast SEO plugin. -->","yoast_head_json":{"title":"Automatisierung Fl\u00fcgeltore | Aluconnect","robots":{"index":"index","follow":"follow","max-snippet":"max-snippet:-1","max-image-preview":"max-image-preview:large","max-video-preview":"max-video-preview:-1"},"canonical":"https:\/\/aluconnect.nl\/de\/automatisierung-fluegeltore\/","og_locale":"de_DE","og_type":"article","og_title":"Automatisierung Fl\u00fcgeltore | Aluconnect","og_url":"https:\/\/aluconnect.nl\/de\/automatisierung-fluegeltore\/","og_site_name":"Aluconnect","article_modified_time":"2024-07-03T06:44:09+00:00","twitter_card":"summary_large_image","schema":{"@context":"https:\/\/schema.org","@graph":[{"@type":"WebPage","@id":"https:\/\/aluconnect.nl\/de\/automatisierung-fluegeltore\/","url":"https:\/\/aluconnect.nl\/de\/automatisierung-fluegeltore\/","name":"Automatisierung Fl\u00fcgeltore | Aluconnect","isPartOf":{"@id":"https:\/\/aluconnect.nl\/de\/#website"},"datePublished":"2022-12-16T07:55:38+00:00","dateModified":"2024-07-03T06:44:09+00:00","breadcrumb":{"@id":"https:\/\/aluconnect.nl\/de\/automatisierung-fluegeltore\/#breadcrumb"},"inLanguage":"de","potentialAction":[{"@type":"ReadAction","target":["https:\/\/aluconnect.nl\/de\/automatisierung-fluegeltore\/"]}]},{"@type":"BreadcrumbList","@id":"https:\/\/aluconnect.nl\/de\/automatisierung-fluegeltore\/#breadcrumb","itemListElement":[{"@type":"ListItem","position":1,"name":"Home","item":"https:\/\/aluconnect.nl\/de\/"},{"@type":"ListItem","position":2,"name":"Automatisierung Fl\u00fcgeltore"}]},{"@type":"WebSite","@id":"https:\/\/aluconnect.nl\/de\/#website","url":"https:\/\/aluconnect.nl\/de\/","name":"Aluconnect","description":"Aluminium poorten en schuttingen voor de toekomst","publisher":{"@id":"https:\/\/aluconnect.nl\/de\/#organization"},"potentialAction":[{"@type":"SearchAction","target":{"@type":"EntryPoint","urlTemplate":"https:\/\/aluconnect.nl\/de\/?s={search_term_string}"},"query-input":{"@type":"PropertyValueSpecification","valueRequired":true,"valueName":"search_term_string"}}],"inLanguage":"de"},{"@type":"Organization","@id":"https:\/\/aluconnect.nl\/de\/#organization","name":"Aluconnect","url":"https:\/\/aluconnect.nl\/de\/","logo":{"@type":"ImageObject","inLanguage":"de","@id":"https:\/\/aluconnect.nl\/de\/#\/schema\/logo\/image\/","url":"https:\/\/aluconnect.nl\/wp-content\/uploads\/2022\/11\/logo-kleur.svg","contentUrl":"https:\/\/aluconnect.nl\/wp-content\/uploads\/2022\/11\/logo-kleur.svg","width":1,"height":1,"caption":"Aluconnect"},"image":{"@id":"https:\/\/aluconnect.nl\/de\/#\/schema\/logo\/image\/"}}]}},"_links":{"self":[{"href":"https:\/\/aluconnect.nl\/de\/wp-json\/wp\/v2\/pages\/1725","targetHints":{"allow":["GET"]}}],"collection":[{"href":"https:\/\/aluconnect.nl\/de\/wp-json\/wp\/v2\/pages"}],"about":[{"href":"https:\/\/aluconnect.nl\/de\/wp-json\/wp\/v2\/types\/page"}],"author":[{"embeddable":true,"href":"https:\/\/aluconnect.nl\/de\/wp-json\/wp\/v2\/users\/2"}],"replies":[{"embeddable":true,"href":"https:\/\/aluconnect.nl\/de\/wp-json\/wp\/v2\/comments?post=1725"}],"version-history":[{"count":16,"href":"https:\/\/aluconnect.nl\/de\/wp-json\/wp\/v2\/pages\/1725\/revisions"}],"predecessor-version":[{"id":2897,"href":"https:\/\/aluconnect.nl\/de\/wp-json\/wp\/v2\/pages\/1725\/revisions\/2897"}],"wp:attachment":[{"href":"https:\/\/aluconnect.nl\/de\/wp-json\/wp\/v2\/media?parent=1725"}],"curies":[{"name":"wp","href":"https:\/\/api.w.org\/{rel}","templated":true}]}}