{"id":1710,"date":"2022-11-04T14:18:29","date_gmt":"2022-11-04T13:18:29","guid":{"rendered":"https:\/\/aluconnect.nl\/service-en-kwaliteit\/"},"modified":"2024-06-20T16:01:41","modified_gmt":"2024-06-20T15:01:41","slug":"service-und-qualitat","status":"publish","type":"page","link":"https:\/\/aluconnect.nl\/de\/service-und-qualitat\/","title":{"rendered":"Service und Qualit\u00e4t"},"content":{"rendered":"<section class=\"wpb-header__1 wpb-bg-color--accent-1  wpb-bg-color--accent-1\" style=\"background-image: url();\">\n    <div class=\"container\">\n        <div class=\"inner\">\n                            <h1>Service &amp; <em>Qualit\u00e4t<\/em><\/h1>\n<p>&nbsp;<\/p>\n<h3>Die beste L\u00f6sung f\u00fcr jede Situation geignet.<\/h3>\n                    <\/div>  \n    <\/div>\n<\/section>\n\n<section class=\"wpb-text wpb-bg-color--white wpb-whitespace--medium wpb-block_0d2e27e6214ab612257e76fc932135d6\" id=\"wpb-block_0d2e27e6214ab612257e76fc932135d6\">\n    <div class=\"container\">\n        <div class=\"inner\">\n            <h2>Entlasten<\/h2>\n<p style=\"text-align: left;\">Einander zuh\u00f6ren, von den Erkenntnissen des anderen profitieren und so die hochwertigsten Produkte f\u00fcr unsere Endverbraucher entwickeln. Wir entwickeln uns st\u00e4ndig weiter, um die W\u00fcnsche unserer Kunden und die Bed\u00fcrfnisse des Marktes zu erf\u00fcllen.<\/p>\n<p style=\"text-align: left;\">Aluconnect ber\u00e4t Sie fachkundig und sorgt f\u00fcr die richtige Installation und Wartung. So entlasten wir Sie bei der Anschaffung, Installation und Wartung von Z\u00e4unen und Toren.<\/p>\n                    <\/div>     \n    <\/div>\n<\/section>\n\n<section class=\"wpb--tekst-media wpb-block_6341bae80d8da3f4d2ef119c2c298fd0 wpb-bg-color--white-to-gray wpb-whitespace--\" id=\"wpb-block_6341bae80d8da3f4d2ef119c2c298fd0\">\n    <div class=\"inner wpb-align-left\">\n                    <div class=\"block media wpb-align-left\">\n                <img decoding=\"async\" width=\"100%\" height=\"100%\" src=\"https:\/\/aluconnect.nl\/wp-content\/uploads\/2023\/10\/Kopie-van-1RU_9149-Verbeterd-NR-scaled.jpg\" alt=\"\"\/>            <\/div>\n                            <div class=\"block content wpb-bg-color--white wpb-align-left\">\n                                    <h2>Die richtige Dienstleistung<\/h2>\n<p>Wir treffen wissensbasierte Entscheidungen und wissen, wie man Technologie in praktische Anwendungen umsetzt, die f\u00fcr den Endnutzer funktionieren.<\/p>\n<p>Wir h\u00f6ren auf Ihre Bed\u00fcrfnisse und beraten Sie fachkundig. Aluconnect bietet Ihnen hochwertige Zaunprodukte und eine professionelle Montage, bei der Qualit\u00e4t und Langlebigkeit im Vordergrund stehen.<\/p>\n<p>Ihre Zufriedenheit ist unsere Priorit\u00e4t!<\/p>\n                            <\/div>\n            <\/div>\n<\/section>\n\n<section class=\"wpb--tekst-media wpb-block_b939965af888d889ab25997d163aafaa wpb-bg-color--gray wpb-whitespace--\" id=\"wpb-block_b939965af888d889ab25997d163aafaa\">\n    <div class=\"inner wpb-align-right\">\n                    <div class=\"block media wpb-align-right\">\n                <img decoding=\"async\" width=\"100%\" height=\"100%\" src=\"https:\/\/aluconnect.nl\/wp-content\/uploads\/2023\/11\/Kopie-van-1RU_0403-Verbeterd-NR-scaled.jpg\" alt=\"\"\/>            <\/div>\n                            <div class=\"block content wpb-bg-color--white wpb-align-right\">\n                                    <h2>Die Qualit\u00e4t von Aluminium<\/h2>\n<p>Wir glauben an unendliche L\u00f6sungen bei Toren und Z\u00e4unen aus Aluminium. Was ist die St\u00e4rke von Aluminium?<\/p>\n<p>&nbsp;<\/p>\n<ol>\n<li>Langlebigkeit: Aluminium ist ein langlebiges Produkt, das nicht rostet und eine lange Lebensdauer hat.<\/li>\n<li>Leichtigkeit: Sein geringes Gewicht macht die Installation von Tor\u00f6ffnungen und Scharnieren weniger anstrengend.<\/li>\n<li>Witterungsbest\u00e4ndigkeit: Aluminium h\u00e4lt allen Wetterbedingungen stand. Das bedeutet, dass Regen, Wind, Frost und Sonnenlicht keinen Einfluss auf die Qualit\u00e4t des Produkts haben.<\/li>\n<li>Umweltfreundlich: Aluminiumtore haben eine lange Lebensdauer, und danach ist Aluminium recycelbar. Das macht es zu einer nachhaltigen Wahl.<\/li>\n<li>Sicherheit: Unsere Produkte sind mit verschiedenen Sicherheitsmerkmalen wie Schl\u00f6ssern und Zugangskontrollen ausgestattet.<\/li>\n<\/ol>\n                            <\/div>\n            <\/div>\n<\/section>","protected":false},"excerpt":{"rendered":"","protected":false},"author":1,"featured_media":0,"parent":0,"menu_order":0,"comment_status":"closed","ping_status":"closed","template":"","meta":{"_acf_changed":false,"footnotes":""},"class_list":["post-1710","page","type-page","status-publish","hentry"],"acf":[],"yoast_head":"<!-- This site is optimized with the Yoast SEO plugin v27.3 - https:\/\/yoast.com\/product\/yoast-seo-wordpress\/ -->\n<title>Service und Qualit\u00e4t | Aluconnect<\/title>\n<meta name=\"robots\" content=\"index, follow, max-snippet:-1, max-image-preview:large, max-video-preview:-1\" \/>\n<link rel=\"canonical\" href=\"https:\/\/aluconnect.nl\/de\/service-und-qualitat\/\" \/>\n<meta property=\"og:locale\" content=\"de_DE\" \/>\n<meta property=\"og:type\" content=\"article\" \/>\n<meta property=\"og:title\" content=\"Service und Qualit\u00e4t | Aluconnect\" \/>\n<meta property=\"og:url\" content=\"https:\/\/aluconnect.nl\/de\/service-und-qualitat\/\" \/>\n<meta property=\"og:site_name\" content=\"Aluconnect\" \/>\n<meta property=\"article:modified_time\" content=\"2024-06-20T15:01:41+00:00\" \/>\n<meta name=\"twitter:card\" content=\"summary_large_image\" \/>\n<script type=\"application\/ld+json\" class=\"yoast-schema-graph\">{\"@context\":\"https:\\\/\\\/schema.org\",\"@graph\":[{\"@type\":\"WebPage\",\"@id\":\"https:\\\/\\\/aluconnect.nl\\\/de\\\/service-und-qualitat\\\/\",\"url\":\"https:\\\/\\\/aluconnect.nl\\\/de\\\/service-und-qualitat\\\/\",\"name\":\"Service und Qualit\u00e4t | Aluconnect\",\"isPartOf\":{\"@id\":\"https:\\\/\\\/aluconnect.nl\\\/de\\\/#website\"},\"datePublished\":\"2022-11-04T13:18:29+00:00\",\"dateModified\":\"2024-06-20T15:01:41+00:00\",\"breadcrumb\":{\"@id\":\"https:\\\/\\\/aluconnect.nl\\\/de\\\/service-und-qualitat\\\/#breadcrumb\"},\"inLanguage\":\"de\",\"potentialAction\":[{\"@type\":\"ReadAction\",\"target\":[\"https:\\\/\\\/aluconnect.nl\\\/de\\\/service-und-qualitat\\\/\"]}]},{\"@type\":\"BreadcrumbList\",\"@id\":\"https:\\\/\\\/aluconnect.nl\\\/de\\\/service-und-qualitat\\\/#breadcrumb\",\"itemListElement\":[{\"@type\":\"ListItem\",\"position\":1,\"name\":\"Home\",\"item\":\"https:\\\/\\\/aluconnect.nl\\\/de\\\/\"},{\"@type\":\"ListItem\",\"position\":2,\"name\":\"Service und Qualit\u00e4t\"}]},{\"@type\":\"WebSite\",\"@id\":\"https:\\\/\\\/aluconnect.nl\\\/de\\\/#website\",\"url\":\"https:\\\/\\\/aluconnect.nl\\\/de\\\/\",\"name\":\"Aluconnect\",\"description\":\"Aluminium poorten en schuttingen voor de toekomst\",\"publisher\":{\"@id\":\"https:\\\/\\\/aluconnect.nl\\\/de\\\/#organization\"},\"potentialAction\":[{\"@type\":\"SearchAction\",\"target\":{\"@type\":\"EntryPoint\",\"urlTemplate\":\"https:\\\/\\\/aluconnect.nl\\\/de\\\/?s={search_term_string}\"},\"query-input\":{\"@type\":\"PropertyValueSpecification\",\"valueRequired\":true,\"valueName\":\"search_term_string\"}}],\"inLanguage\":\"de\"},{\"@type\":\"Organization\",\"@id\":\"https:\\\/\\\/aluconnect.nl\\\/de\\\/#organization\",\"name\":\"Aluconnect\",\"url\":\"https:\\\/\\\/aluconnect.nl\\\/de\\\/\",\"logo\":{\"@type\":\"ImageObject\",\"inLanguage\":\"de\",\"@id\":\"https:\\\/\\\/aluconnect.nl\\\/de\\\/#\\\/schema\\\/logo\\\/image\\\/\",\"url\":\"https:\\\/\\\/aluconnect.nl\\\/wp-content\\\/uploads\\\/2022\\\/11\\\/logo-kleur.svg\",\"contentUrl\":\"https:\\\/\\\/aluconnect.nl\\\/wp-content\\\/uploads\\\/2022\\\/11\\\/logo-kleur.svg\",\"width\":1,\"height\":1,\"caption\":\"Aluconnect\"},\"image\":{\"@id\":\"https:\\\/\\\/aluconnect.nl\\\/de\\\/#\\\/schema\\\/logo\\\/image\\\/\"}}]}<\/script>\n<!-- \/ Yoast SEO plugin. -->","yoast_head_json":{"title":"Service und Qualit\u00e4t | Aluconnect","robots":{"index":"index","follow":"follow","max-snippet":"max-snippet:-1","max-image-preview":"max-image-preview:large","max-video-preview":"max-video-preview:-1"},"canonical":"https:\/\/aluconnect.nl\/de\/service-und-qualitat\/","og_locale":"de_DE","og_type":"article","og_title":"Service und Qualit\u00e4t | Aluconnect","og_url":"https:\/\/aluconnect.nl\/de\/service-und-qualitat\/","og_site_name":"Aluconnect","article_modified_time":"2024-06-20T15:01:41+00:00","twitter_card":"summary_large_image","schema":{"@context":"https:\/\/schema.org","@graph":[{"@type":"WebPage","@id":"https:\/\/aluconnect.nl\/de\/service-und-qualitat\/","url":"https:\/\/aluconnect.nl\/de\/service-und-qualitat\/","name":"Service und Qualit\u00e4t | Aluconnect","isPartOf":{"@id":"https:\/\/aluconnect.nl\/de\/#website"},"datePublished":"2022-11-04T13:18:29+00:00","dateModified":"2024-06-20T15:01:41+00:00","breadcrumb":{"@id":"https:\/\/aluconnect.nl\/de\/service-und-qualitat\/#breadcrumb"},"inLanguage":"de","potentialAction":[{"@type":"ReadAction","target":["https:\/\/aluconnect.nl\/de\/service-und-qualitat\/"]}]},{"@type":"BreadcrumbList","@id":"https:\/\/aluconnect.nl\/de\/service-und-qualitat\/#breadcrumb","itemListElement":[{"@type":"ListItem","position":1,"name":"Home","item":"https:\/\/aluconnect.nl\/de\/"},{"@type":"ListItem","position":2,"name":"Service und Qualit\u00e4t"}]},{"@type":"WebSite","@id":"https:\/\/aluconnect.nl\/de\/#website","url":"https:\/\/aluconnect.nl\/de\/","name":"Aluconnect","description":"Aluminium poorten en schuttingen voor de toekomst","publisher":{"@id":"https:\/\/aluconnect.nl\/de\/#organization"},"potentialAction":[{"@type":"SearchAction","target":{"@type":"EntryPoint","urlTemplate":"https:\/\/aluconnect.nl\/de\/?s={search_term_string}"},"query-input":{"@type":"PropertyValueSpecification","valueRequired":true,"valueName":"search_term_string"}}],"inLanguage":"de"},{"@type":"Organization","@id":"https:\/\/aluconnect.nl\/de\/#organization","name":"Aluconnect","url":"https:\/\/aluconnect.nl\/de\/","logo":{"@type":"ImageObject","inLanguage":"de","@id":"https:\/\/aluconnect.nl\/de\/#\/schema\/logo\/image\/","url":"https:\/\/aluconnect.nl\/wp-content\/uploads\/2022\/11\/logo-kleur.svg","contentUrl":"https:\/\/aluconnect.nl\/wp-content\/uploads\/2022\/11\/logo-kleur.svg","width":1,"height":1,"caption":"Aluconnect"},"image":{"@id":"https:\/\/aluconnect.nl\/de\/#\/schema\/logo\/image\/"}}]}},"_links":{"self":[{"href":"https:\/\/aluconnect.nl\/de\/wp-json\/wp\/v2\/pages\/1710","targetHints":{"allow":["GET"]}}],"collection":[{"href":"https:\/\/aluconnect.nl\/de\/wp-json\/wp\/v2\/pages"}],"about":[{"href":"https:\/\/aluconnect.nl\/de\/wp-json\/wp\/v2\/types\/page"}],"author":[{"embeddable":true,"href":"https:\/\/aluconnect.nl\/de\/wp-json\/wp\/v2\/users\/1"}],"replies":[{"embeddable":true,"href":"https:\/\/aluconnect.nl\/de\/wp-json\/wp\/v2\/comments?post=1710"}],"version-history":[{"count":21,"href":"https:\/\/aluconnect.nl\/de\/wp-json\/wp\/v2\/pages\/1710\/revisions"}],"predecessor-version":[{"id":2672,"href":"https:\/\/aluconnect.nl\/de\/wp-json\/wp\/v2\/pages\/1710\/revisions\/2672"}],"wp:attachment":[{"href":"https:\/\/aluconnect.nl\/de\/wp-json\/wp\/v2\/media?parent=1710"}],"curies":[{"name":"wp","href":"https:\/\/api.w.org\/{rel}","templated":true}]}}